{"id":6933,"date":"2023-08-19T20:38:11","date_gmt":"2023-08-19T18:38:11","guid":{"rendered":"https:\/\/old.b2com.africa\/?post_type=product&#038;p=6933"},"modified":"2023-08-19T20:54:04","modified_gmt":"2023-08-19T18:54:04","slug":"stylo-de-comptoir-lanti","status":"publish","type":"product","link":"https:\/\/old.b2com.africa\/index.php\/product\/stylo-de-comptoir-lanti\/","title":{"rendered":"Stylo de comptoir Lanti"},"content":{"rendered":"<p><strong>Pr\u00e9sentoir Socle Publicitaire Stylo Chaine m\u00e9tallique<\/strong><\/p>\n<p>Stylo bille personnalis\u00e9 en plastique abs avec pr\u00e9sentoir et chaine en m\u00e9tal<\/p>\n<p>Tr\u00e8s pratique sur comptoirs, accueil guichets banque, assurances, mutuelles, agences immobil\u00e8res, inscriptions \u00e9cole salon formation \u00e9tudiant<\/p>\n<p><strong>Marquage publicitaire<\/strong>\u00a0\u00e0 votre logo, comme dans cet exemple r\u00e9alis\u00e9 pour une banque<\/p>\n<ul>\n<li>Dimensions stylo socle personnalis\u00e9\u00a0\u00d8\u00a07,5 x 13 cm<\/li>\n<li>Surface impression sur le socle 30 x 15 mm<\/li>\n<li>Surface personnalisation sur le stylo 70 x 7 mm<\/li>\n<\/ul>\n","protected":false},"excerpt":{"rendered":"<p>Pr\u00e9sentoir Socle Publicitaire Stylo Chaine m\u00e9tallique Stylo bille personnalis\u00e9 en plastique abs avec pr\u00e9sentoir et chaine en m\u00e9tal Tr\u00e8s pratique sur comptoirs, accueil guichets banque, assurances, mutuelles, agences immobil\u00e8res, inscriptions \u00e9cole salon formation \u00e9tudiant Marquage publicitaire\u00a0\u00e0 votre logo, comme dans cet exemple r\u00e9alis\u00e9 pour une banque Dimensions stylo socle personnalis\u00e9\u00a0\u00d8\u00a07,5 x 13 cm Surface impression [&hellip;]<\/p>\n","protected":false},"author":5,"featured_media":6989,"comment_status":"open","ping_status":"closed","template":"","meta":{"content-type":""},"product_cat":[115,66,119],"product_tag":[],"_links":{"self":[{"href":"https:\/\/old.b2com.africa\/index.php\/wp-json\/wp\/v2\/product\/6933"}],"collection":[{"href":"https:\/\/old.b2com.africa\/index.php\/wp-json\/wp\/v2\/product"}],"about":[{"href":"https:\/\/old.b2com.africa\/index.php\/wp-json\/wp\/v2\/types\/product"}],"author":[{"embeddable":true,"href":"https:\/\/old.b2com.africa\/index.php\/wp-json\/wp\/v2\/users\/5"}],"replies":[{"embeddable":true,"href":"https:\/\/old.b2com.africa\/index.php\/wp-json\/wp\/v2\/comments?post=6933"}],"version-history":[{"count":3,"href":"https:\/\/old.b2com.africa\/index.php\/wp-json\/wp\/v2\/product\/6933\/revisions"}],"predecessor-version":[{"id":6985,"href":"https:\/\/old.b2com.africa\/index.php\/wp-json\/wp\/v2\/product\/6933\/revisions\/6985"}],"wp:featuredmedia":[{"embeddable":true,"href":"https:\/\/old.b2com.africa\/index.php\/wp-json\/wp\/v2\/media\/6989"}],"wp:attachment":[{"href":"https:\/\/old.b2com.africa\/index.php\/wp-json\/wp\/v2\/media?parent=6933"}],"wp:term":[{"taxonomy":"product_cat","embeddable":true,"href":"https:\/\/old.b2com.africa\/index.php\/wp-json\/wp\/v2\/product_cat?post=6933"},{"taxonomy":"product_tag","embeddable":true,"href":"https:\/\/old.b2com.africa\/index.php\/wp-json\/wp\/v2\/product_tag?post=6933"}],"curies":[{"name":"wp","href":"https:\/\/api.w.org\/{rel}","templated":true}]}}