{"id":6921,"date":"2023-08-19T16:25:14","date_gmt":"2023-08-19T14:25:14","guid":{"rendered":"https:\/\/old.b2com.africa\/?post_type=product&#038;p=6921"},"modified":"2023-08-19T20:21:13","modified_gmt":"2023-08-19T18:21:13","slug":"stylo-de-comptoir-oneway","status":"publish","type":"product","link":"https:\/\/old.b2com.africa\/index.php\/product\/stylo-de-comptoir-oneway\/","title":{"rendered":"Stylo de comptoir Oneway"},"content":{"rendered":"<p>Stylo bille reli\u00e9 par un cordon extensible \u00e0 son support.<\/p>\n<p>En plastique translucide.<\/p>\n<p>Un cadeau personnalis\u00e9 appr\u00e9ci\u00e9<\/p>\n<p>Dimensions : 6 x 6 x 16 cm<\/p>\n<p>Livraison coloris assortis ou au choix : bleu &#8211; blanc &#8211; rouge &#8211; noir<\/p>\n<p>&nbsp;<\/p>\n","protected":false},"excerpt":{"rendered":"<p>Stylo bille reli\u00e9 par un cordon extensible \u00e0 son support. En plastique translucide. Un cadeau personnalis\u00e9 appr\u00e9ci\u00e9 Dimensions : 6 x 6 x 16 cm Livraison coloris assortis ou au choix : bleu &#8211; blanc &#8211; rouge &#8211; noir &nbsp;<\/p>\n","protected":false},"author":5,"featured_media":6922,"comment_status":"open","ping_status":"closed","template":"","meta":{"content-type":""},"product_cat":[115,66,119],"product_tag":[],"_links":{"self":[{"href":"https:\/\/old.b2com.africa\/index.php\/wp-json\/wp\/v2\/product\/6921"}],"collection":[{"href":"https:\/\/old.b2com.africa\/index.php\/wp-json\/wp\/v2\/product"}],"about":[{"href":"https:\/\/old.b2com.africa\/index.php\/wp-json\/wp\/v2\/types\/product"}],"author":[{"embeddable":true,"href":"https:\/\/old.b2com.africa\/index.php\/wp-json\/wp\/v2\/users\/5"}],"replies":[{"embeddable":true,"href":"https:\/\/old.b2com.africa\/index.php\/wp-json\/wp\/v2\/comments?post=6921"}],"version-history":[{"count":2,"href":"https:\/\/old.b2com.africa\/index.php\/wp-json\/wp\/v2\/product\/6921\/revisions"}],"predecessor-version":[{"id":6977,"href":"https:\/\/old.b2com.africa\/index.php\/wp-json\/wp\/v2\/product\/6921\/revisions\/6977"}],"wp:featuredmedia":[{"embeddable":true,"href":"https:\/\/old.b2com.africa\/index.php\/wp-json\/wp\/v2\/media\/6922"}],"wp:attachment":[{"href":"https:\/\/old.b2com.africa\/index.php\/wp-json\/wp\/v2\/media?parent=6921"}],"wp:term":[{"taxonomy":"product_cat","embeddable":true,"href":"https:\/\/old.b2com.africa\/index.php\/wp-json\/wp\/v2\/product_cat?post=6921"},{"taxonomy":"product_tag","embeddable":true,"href":"https:\/\/old.b2com.africa\/index.php\/wp-json\/wp\/v2\/product_tag?post=6921"}],"curies":[{"name":"wp","href":"https:\/\/api.w.org\/{rel}","templated":true}]}}