{"id":6920,"date":"2023-08-19T21:08:56","date_gmt":"2023-08-19T19:08:56","guid":{"rendered":"https:\/\/old.b2com.africa\/?post_type=product&#038;p=6920"},"modified":"2023-08-19T21:23:40","modified_gmt":"2023-08-19T19:23:40","slug":"stylo-de-comptoir-penco","status":"publish","type":"product","link":"https:\/\/old.b2com.africa\/index.php\/product\/stylo-de-comptoir-penco\/","title":{"rendered":"Stylo de comptoir Penco"},"content":{"rendered":"<p>Porte-stylo avec stylo-bille reli\u00e9 avec une cha\u00eenette en m\u00e9tal<br \/>\nEncre bleue<br \/>\nColoris du socle &amp; boule : bleu, noir ou rouge<br \/>\nColoris de la plaque sup\u00e9rieure : blanc, noir ou jaune<\/p>\n<p><span class=\"ColorBlue BlocDetailInfPdt\">Poids unitaire de l&#8217;objet : <\/span>141 g<\/p>\n<p><span class=\"ColorBlue BlocDetailInfPdt\">Couleurs du Stylo UMA publicitaire :<\/span><br \/>\nNoir &#8211; blanc noir &#8211; blanc bleu &#8211; blanc rouge<\/p>\n<p><span class=\"ColorBlue BlocDetailInfPdt\">Mati\u00e8re(s) :<\/span>Plastique<\/p>\n","protected":false},"excerpt":{"rendered":"<p>Porte-stylo avec stylo-bille reli\u00e9 avec une cha\u00eenette en m\u00e9tal Encre bleue Coloris du socle &amp; boule : bleu, noir ou rouge Coloris de la plaque sup\u00e9rieure : blanc, noir ou jaune Poids unitaire de l&#8217;objet : 141 g Couleurs du Stylo UMA publicitaire : Noir &#8211; blanc noir &#8211; blanc bleu &#8211; blanc rouge Mati\u00e8re(s) [&hellip;]<\/p>\n","protected":false},"author":5,"featured_media":6990,"comment_status":"open","ping_status":"closed","template":"","meta":{"content-type":""},"product_cat":[115,66,119],"product_tag":[],"_links":{"self":[{"href":"https:\/\/old.b2com.africa\/index.php\/wp-json\/wp\/v2\/product\/6920"}],"collection":[{"href":"https:\/\/old.b2com.africa\/index.php\/wp-json\/wp\/v2\/product"}],"about":[{"href":"https:\/\/old.b2com.africa\/index.php\/wp-json\/wp\/v2\/types\/product"}],"author":[{"embeddable":true,"href":"https:\/\/old.b2com.africa\/index.php\/wp-json\/wp\/v2\/users\/5"}],"replies":[{"embeddable":true,"href":"https:\/\/old.b2com.africa\/index.php\/wp-json\/wp\/v2\/comments?post=6920"}],"version-history":[{"count":1,"href":"https:\/\/old.b2com.africa\/index.php\/wp-json\/wp\/v2\/product\/6920\/revisions"}],"predecessor-version":[{"id":6991,"href":"https:\/\/old.b2com.africa\/index.php\/wp-json\/wp\/v2\/product\/6920\/revisions\/6991"}],"wp:featuredmedia":[{"embeddable":true,"href":"https:\/\/old.b2com.africa\/index.php\/wp-json\/wp\/v2\/media\/6990"}],"wp:attachment":[{"href":"https:\/\/old.b2com.africa\/index.php\/wp-json\/wp\/v2\/media?parent=6920"}],"wp:term":[{"taxonomy":"product_cat","embeddable":true,"href":"https:\/\/old.b2com.africa\/index.php\/wp-json\/wp\/v2\/product_cat?post=6920"},{"taxonomy":"product_tag","embeddable":true,"href":"https:\/\/old.b2com.africa\/index.php\/wp-json\/wp\/v2\/product_tag?post=6920"}],"curies":[{"name":"wp","href":"https:\/\/api.w.org\/{rel}","templated":true}]}}