{"id":6651,"date":"2023-08-16T00:44:16","date_gmt":"2023-08-15T22:44:16","guid":{"rendered":"https:\/\/old.b2com.africa\/?post_type=product&#038;p=6651"},"modified":"2023-08-16T15:23:07","modified_gmt":"2023-08-16T13:23:07","slug":"stylo-a-bille-natura","status":"publish","type":"product","link":"https:\/\/old.b2com.africa\/index.php\/product\/stylo-a-bille-natura\/","title":{"rendered":"Stylo \u00e0 bille Natura"},"content":{"rendered":"<p>Ce stylo-bille poussoir fabriqu\u00e9 en paille de bl\u00e9 est le cadeau publicitaire id\u00e9al \u00e0 personnaliser sur mesure. Dans un premier temps, choisissez la couleur parmi un panel de 6 tons diff\u00e9rents.<\/p>\n<p>Nous vous conseillons de choisir la couleur en fonction de celles de votre entreprise ou de l&#8217;\u00e9v\u00e9nement auquel vous allez les distribuer. Vous pouvez \u00e9galement choisir une tonalit\u00e9 pour contraster avec le logo que vous allez int\u00e9grer. Concernant l&#8217;impression de celui-ci, choisissez la s\u00e9rigraphie circulaire si vous souhaitez une impression autour de votre stylo ; sinon, choisissez la tampographie qui est peu co\u00fbteuse.<\/p>\n<p>&#8211; Stylo-bille<br \/>\n&#8211; Fabriqu\u00e9 en paille de bl\u00e9 (50%) et PP (50%)<br \/>\n&#8211; Encre bleue<\/p>\n","protected":false},"excerpt":{"rendered":"<p>Ce stylo-bille poussoir fabriqu\u00e9 en paille de bl\u00e9 est le cadeau publicitaire id\u00e9al \u00e0 personnaliser sur mesure. Dans un premier temps, choisissez la couleur parmi un panel de 6 tons diff\u00e9rents. Nous vous conseillons de choisir la couleur en fonction de celles de votre entreprise ou de l&#8217;\u00e9v\u00e9nement auquel vous allez les distribuer. Vous pouvez [&hellip;]<\/p>\n","protected":false},"author":5,"featured_media":6652,"comment_status":"open","ping_status":"closed","template":"","meta":{"content-type":""},"product_cat":[115,66,116],"product_tag":[],"_links":{"self":[{"href":"https:\/\/old.b2com.africa\/index.php\/wp-json\/wp\/v2\/product\/6651"}],"collection":[{"href":"https:\/\/old.b2com.africa\/index.php\/wp-json\/wp\/v2\/product"}],"about":[{"href":"https:\/\/old.b2com.africa\/index.php\/wp-json\/wp\/v2\/types\/product"}],"author":[{"embeddable":true,"href":"https:\/\/old.b2com.africa\/index.php\/wp-json\/wp\/v2\/users\/5"}],"replies":[{"embeddable":true,"href":"https:\/\/old.b2com.africa\/index.php\/wp-json\/wp\/v2\/comments?post=6651"}],"version-history":[{"count":3,"href":"https:\/\/old.b2com.africa\/index.php\/wp-json\/wp\/v2\/product\/6651\/revisions"}],"predecessor-version":[{"id":6685,"href":"https:\/\/old.b2com.africa\/index.php\/wp-json\/wp\/v2\/product\/6651\/revisions\/6685"}],"wp:featuredmedia":[{"embeddable":true,"href":"https:\/\/old.b2com.africa\/index.php\/wp-json\/wp\/v2\/media\/6652"}],"wp:attachment":[{"href":"https:\/\/old.b2com.africa\/index.php\/wp-json\/wp\/v2\/media?parent=6651"}],"wp:term":[{"taxonomy":"product_cat","embeddable":true,"href":"https:\/\/old.b2com.africa\/index.php\/wp-json\/wp\/v2\/product_cat?post=6651"},{"taxonomy":"product_tag","embeddable":true,"href":"https:\/\/old.b2com.africa\/index.php\/wp-json\/wp\/v2\/product_tag?post=6651"}],"curies":[{"name":"wp","href":"https:\/\/api.w.org\/{rel}","templated":true}]}}