{"id":6530,"date":"2023-08-12T12:17:06","date_gmt":"2023-08-12T10:17:06","guid":{"rendered":"https:\/\/old.b2com.africa\/?post_type=product&#038;p=6530"},"modified":"2023-08-12T12:21:16","modified_gmt":"2023-08-12T10:21:16","slug":"cles-usb-en-pvc-jasmine","status":"publish","type":"product","link":"https:\/\/old.b2com.africa\/index.php\/product\/cles-usb-en-pvc-jasmine\/","title":{"rendered":"Cl\u00e9s USB en PVC Twister"},"content":{"rendered":"<div id=\"short_description_block\">\n<div id=\"short_description_content\" class=\"rte align_justify\">\n<p><b>C<\/b>ette\u00a0<strong>cl\u00e9 USB publcitaire<\/strong> a un design classique, intemporel. Allie la qualit\u00e9 et son petit prix. Corps en plastique et le clip en m\u00e9tal rotatif \u00e0 360 degr\u00e9s son syst\u00e8me d&#8217;ouverture. Tarif de 4 \u00e0 64 Go. Puce basic : garantie 1 an.<\/p>\n<\/div>\n<\/div>\n<ul id=\"features_block\">\n<li>Couleurs :\u00a0Noir, blanc, rouge, orange, jaune, vert anis, vert fonc\u00e9, turquoise, bleu marine<\/li>\n<li>Dimensions :\u00a05,5 x 1,9 x 1,1 cm<\/li>\n<li>Marquage :\u00a0Quadri offset, gravure laser<\/li>\n<li>Quantit\u00e9 minimum : 50 exemplaires<\/li>\n<\/ul>\n","protected":false},"excerpt":{"rendered":"<p>Cette\u00a0cl\u00e9 USB publcitaire a un design classique, intemporel. Allie la qualit\u00e9 et son petit prix. Corps en plastique et le clip en m\u00e9tal rotatif \u00e0 360 degr\u00e9s son syst\u00e8me d&#8217;ouverture. Tarif de 4 \u00e0 64 Go. Puce basic : garantie 1 an. Couleurs :\u00a0Noir, blanc, rouge, orange, jaune, vert anis, vert fonc\u00e9, turquoise, bleu marine [&hellip;]<\/p>\n","protected":false},"author":5,"featured_media":5988,"comment_status":"open","ping_status":"closed","template":"","meta":{"content-type":""},"product_cat":[188,385,383,68],"product_tag":[],"_links":{"self":[{"href":"https:\/\/old.b2com.africa\/index.php\/wp-json\/wp\/v2\/product\/6530"}],"collection":[{"href":"https:\/\/old.b2com.africa\/index.php\/wp-json\/wp\/v2\/product"}],"about":[{"href":"https:\/\/old.b2com.africa\/index.php\/wp-json\/wp\/v2\/types\/product"}],"author":[{"embeddable":true,"href":"https:\/\/old.b2com.africa\/index.php\/wp-json\/wp\/v2\/users\/5"}],"replies":[{"embeddable":true,"href":"https:\/\/old.b2com.africa\/index.php\/wp-json\/wp\/v2\/comments?post=6530"}],"version-history":[{"count":3,"href":"https:\/\/old.b2com.africa\/index.php\/wp-json\/wp\/v2\/product\/6530\/revisions"}],"predecessor-version":[{"id":6533,"href":"https:\/\/old.b2com.africa\/index.php\/wp-json\/wp\/v2\/product\/6530\/revisions\/6533"}],"wp:featuredmedia":[{"embeddable":true,"href":"https:\/\/old.b2com.africa\/index.php\/wp-json\/wp\/v2\/media\/5988"}],"wp:attachment":[{"href":"https:\/\/old.b2com.africa\/index.php\/wp-json\/wp\/v2\/media?parent=6530"}],"wp:term":[{"taxonomy":"product_cat","embeddable":true,"href":"https:\/\/old.b2com.africa\/index.php\/wp-json\/wp\/v2\/product_cat?post=6530"},{"taxonomy":"product_tag","embeddable":true,"href":"https:\/\/old.b2com.africa\/index.php\/wp-json\/wp\/v2\/product_tag?post=6530"}],"curies":[{"name":"wp","href":"https:\/\/api.w.org\/{rel}","templated":true}]}}