{"id":6506,"date":"2023-08-12T10:47:22","date_gmt":"2023-08-12T08:47:22","guid":{"rendered":"https:\/\/old.b2com.africa\/?post_type=product&#038;p=6506"},"modified":"2023-08-12T10:47:22","modified_gmt":"2023-08-12T08:47:22","slug":"powerbank-en-carte-pvc","status":"publish","type":"product","link":"https:\/\/old.b2com.africa\/index.php\/product\/powerbank-en-carte-pvc\/","title":{"rendered":"Powerbank en Carte PVC"},"content":{"rendered":"<div id=\"short_description_block\">\n<div id=\"short_description_content\" class=\"rte align_justify\">\n<p>Cette batterie de secours \/\u00a0<strong>power bank publicitaire<\/strong>\u00a0a la m\u00eame taille qu&#8217;une carte de cr\u00e9dit. Parfait pour ne jamais \u00eatre \u00e0 court d&#8217;\u00e9nergie \u00e0 n&#8217;importe quels endroits.<\/p>\n<p><strong>Made in Europe<\/strong>, en ABS. Personnalisable en quadri sur 2 faces : grande valeur ajout\u00e9e. Batterie lithium 4000 mAh \u00e0 8000 mAh.<\/p>\n<p>Convient aux t\u00e9l\u00e9phones et tablettes. Inclus : c\u00e2ble Micro USB et mode d&#8217;emploi. Qualit\u00e9 et s\u00e9curit\u00e9 garanties<\/p>\n<\/div>\n<\/div>\n<ul id=\"features_block\">\n<li>Couleurs :\u00a0A vos couleurs<\/li>\n<li>Dimensions :\u00a09,5 x 6 x 0,73 cm<\/li>\n<li>Marquage :\u00a0Quadri offset<\/li>\n<li>Quantit\u00e9 minimum : 50 exemplaires<\/li>\n<\/ul>\n","protected":false},"excerpt":{"rendered":"<p>Cette batterie de secours \/\u00a0power bank publicitaire\u00a0a la m\u00eame taille qu&#8217;une carte de cr\u00e9dit. Parfait pour ne jamais \u00eatre \u00e0 court d&#8217;\u00e9nergie \u00e0 n&#8217;importe quels endroits. Made in Europe, en ABS. Personnalisable en quadri sur 2 faces : grande valeur ajout\u00e9e. Batterie lithium 4000 mAh \u00e0 8000 mAh. Convient aux t\u00e9l\u00e9phones et tablettes. Inclus : [&hellip;]<\/p>\n","protected":false},"author":5,"featured_media":6507,"comment_status":"open","ping_status":"closed","template":"","meta":{"content-type":""},"product_cat":[68,187,390],"product_tag":[],"_links":{"self":[{"href":"https:\/\/old.b2com.africa\/index.php\/wp-json\/wp\/v2\/product\/6506"}],"collection":[{"href":"https:\/\/old.b2com.africa\/index.php\/wp-json\/wp\/v2\/product"}],"about":[{"href":"https:\/\/old.b2com.africa\/index.php\/wp-json\/wp\/v2\/types\/product"}],"author":[{"embeddable":true,"href":"https:\/\/old.b2com.africa\/index.php\/wp-json\/wp\/v2\/users\/5"}],"replies":[{"embeddable":true,"href":"https:\/\/old.b2com.africa\/index.php\/wp-json\/wp\/v2\/comments?post=6506"}],"version-history":[{"count":1,"href":"https:\/\/old.b2com.africa\/index.php\/wp-json\/wp\/v2\/product\/6506\/revisions"}],"predecessor-version":[{"id":6511,"href":"https:\/\/old.b2com.africa\/index.php\/wp-json\/wp\/v2\/product\/6506\/revisions\/6511"}],"wp:featuredmedia":[{"embeddable":true,"href":"https:\/\/old.b2com.africa\/index.php\/wp-json\/wp\/v2\/media\/6507"}],"wp:attachment":[{"href":"https:\/\/old.b2com.africa\/index.php\/wp-json\/wp\/v2\/media?parent=6506"}],"wp:term":[{"taxonomy":"product_cat","embeddable":true,"href":"https:\/\/old.b2com.africa\/index.php\/wp-json\/wp\/v2\/product_cat?post=6506"},{"taxonomy":"product_tag","embeddable":true,"href":"https:\/\/old.b2com.africa\/index.php\/wp-json\/wp\/v2\/product_tag?post=6506"}],"curies":[{"name":"wp","href":"https:\/\/api.w.org\/{rel}","templated":true}]}}