{"id":6394,"date":"2023-08-11T18:11:19","date_gmt":"2023-08-11T16:11:19","guid":{"rendered":"https:\/\/old.b2com.africa\/?post_type=product&#038;p=6394"},"modified":"2023-08-19T18:10:06","modified_gmt":"2023-08-19T16:10:06","slug":"cles-usb-en-bambou-velvet","status":"publish","type":"product","link":"https:\/\/old.b2com.africa\/index.php\/product\/cles-usb-en-bambou-velvet\/","title":{"rendered":"Cl\u00e9s USB en Bambou Velvet"},"content":{"rendered":"<div id=\"short_description_block\">\n<div id=\"short_description_content\" class=\"rte align_justify\">\n<p>Par sa mati\u00e8re en bois, cette cl\u00e9 USB publicitaire met en avant vos valeurs \u00e9cologique et \u00e9galement votre logo. Un cadeau utile et pratique au quotidien : efficace pour v\u00e9hiculer votre communication. Tarif sur la base d&#8217;une capacit\u00e9 8Go \u00e0 64Go.<\/p>\n<p><strong><br \/>\n<\/strong>\u00a0Misez sur les emballages \u00e9cologiques\u00a0pour valoriser votre produit.<\/p>\n<\/div>\n<\/div>\n<ul id=\"features_block\">\n<li>Couleurs :\u00a0Bois clair, bois fonc\u00e9<\/li>\n<li>Dimensions :\u00a05,8 x 1,4 x 0,8 cm<\/li>\n<li>Marquage : Tampographie, gravure laser, UV laser<\/li>\n<li>Quantit\u00e9 minimum : 25 exemplaires<\/li>\n<\/ul>\n","protected":false},"excerpt":{"rendered":"<p>Par sa mati\u00e8re en bois, cette cl\u00e9 USB publicitaire met en avant vos valeurs \u00e9cologique et \u00e9galement votre logo. Un cadeau utile et pratique au quotidien : efficace pour v\u00e9hiculer votre communication. Tarif sur la base d&#8217;une capacit\u00e9 8Go \u00e0 64Go. \u00a0Misez sur les emballages \u00e9cologiques\u00a0pour valoriser votre produit. Couleurs :\u00a0Bois clair, bois fonc\u00e9 Dimensions [&hellip;]<\/p>\n","protected":false},"author":5,"featured_media":6301,"comment_status":"open","ping_status":"closed","template":"","meta":{"content-type":""},"product_cat":[336,188,388,153,68,66],"product_tag":[],"_links":{"self":[{"href":"https:\/\/old.b2com.africa\/index.php\/wp-json\/wp\/v2\/product\/6394"}],"collection":[{"href":"https:\/\/old.b2com.africa\/index.php\/wp-json\/wp\/v2\/product"}],"about":[{"href":"https:\/\/old.b2com.africa\/index.php\/wp-json\/wp\/v2\/types\/product"}],"author":[{"embeddable":true,"href":"https:\/\/old.b2com.africa\/index.php\/wp-json\/wp\/v2\/users\/5"}],"replies":[{"embeddable":true,"href":"https:\/\/old.b2com.africa\/index.php\/wp-json\/wp\/v2\/comments?post=6394"}],"version-history":[{"count":2,"href":"https:\/\/old.b2com.africa\/index.php\/wp-json\/wp\/v2\/product\/6394\/revisions"}],"predecessor-version":[{"id":6969,"href":"https:\/\/old.b2com.africa\/index.php\/wp-json\/wp\/v2\/product\/6394\/revisions\/6969"}],"wp:featuredmedia":[{"embeddable":true,"href":"https:\/\/old.b2com.africa\/index.php\/wp-json\/wp\/v2\/media\/6301"}],"wp:attachment":[{"href":"https:\/\/old.b2com.africa\/index.php\/wp-json\/wp\/v2\/media?parent=6394"}],"wp:term":[{"taxonomy":"product_cat","embeddable":true,"href":"https:\/\/old.b2com.africa\/index.php\/wp-json\/wp\/v2\/product_cat?post=6394"},{"taxonomy":"product_tag","embeddable":true,"href":"https:\/\/old.b2com.africa\/index.php\/wp-json\/wp\/v2\/product_tag?post=6394"}],"curies":[{"name":"wp","href":"https:\/\/api.w.org\/{rel}","templated":true}]}}