{"id":6225,"date":"2023-08-10T10:37:56","date_gmt":"2023-08-10T08:37:56","guid":{"rendered":"https:\/\/old.b2com.africa\/?post_type=product&#038;p=6225"},"modified":"2023-08-19T18:09:24","modified_gmt":"2023-08-19T16:09:24","slug":"cles-usb-en-bambou-format-carte","status":"publish","type":"product","link":"https:\/\/old.b2com.africa\/index.php\/product\/cles-usb-en-bambou-format-carte\/","title":{"rendered":"Cl\u00e9s USB en Bambou Format Carte"},"content":{"rendered":"<div id=\"short_description_block\">\n<div id=\"short_description_content\" class=\"rte align_justify\">\n<p>Cette\u00a0<strong>cl\u00e9 usb publicitaire<\/strong> est aussi petite et ultra fine qu&#8217;une carte de cr\u00e9dit normale.<\/p>\n<p>Mati\u00e8re en Bamboo. Fort engagement dans le respect et protection de l&#8217;environnement gr\u00e2ce \u00e0 sa mati\u00e8re en carton recycl\u00e9.<\/p>\n<p>Tarif sur la base d&#8217;une capacit\u00e9 de 4 Go.\u00a0Livr\u00e9 dans une bo\u00eete en carton<\/p>\n<\/div>\n<\/div>\n<ul id=\"features_block\">\n<li>Couleurs :\u00a0Naturel<\/li>\n<li>Dimensions :\u00a09 x 5,4 cm<\/li>\n<li>Marquage : S\u00e9rigraphie ou Laser UV ou Gravure laser<\/li>\n<li>Quantit\u00e9 minimum : 25 exemplaires<\/li>\n<\/ul>\n","protected":false},"excerpt":{"rendered":"<p>Cette\u00a0cl\u00e9 usb publicitaire est aussi petite et ultra fine qu&#8217;une carte de cr\u00e9dit normale. Mati\u00e8re en Bamboo. Fort engagement dans le respect et protection de l&#8217;environnement gr\u00e2ce \u00e0 sa mati\u00e8re en carton recycl\u00e9. Tarif sur la base d&#8217;une capacit\u00e9 de 4 Go.\u00a0Livr\u00e9 dans une bo\u00eete en carton Couleurs :\u00a0Naturel Dimensions :\u00a09 x 5,4 cm Marquage [&hellip;]<\/p>\n","protected":false},"author":5,"featured_media":6228,"comment_status":"open","ping_status":"closed","template":"","meta":{"content-type":""},"product_cat":[336,188,386,388,153,68,66],"product_tag":[],"_links":{"self":[{"href":"https:\/\/old.b2com.africa\/index.php\/wp-json\/wp\/v2\/product\/6225"}],"collection":[{"href":"https:\/\/old.b2com.africa\/index.php\/wp-json\/wp\/v2\/product"}],"about":[{"href":"https:\/\/old.b2com.africa\/index.php\/wp-json\/wp\/v2\/types\/product"}],"author":[{"embeddable":true,"href":"https:\/\/old.b2com.africa\/index.php\/wp-json\/wp\/v2\/users\/5"}],"replies":[{"embeddable":true,"href":"https:\/\/old.b2com.africa\/index.php\/wp-json\/wp\/v2\/comments?post=6225"}],"version-history":[{"count":2,"href":"https:\/\/old.b2com.africa\/index.php\/wp-json\/wp\/v2\/product\/6225\/revisions"}],"predecessor-version":[{"id":6971,"href":"https:\/\/old.b2com.africa\/index.php\/wp-json\/wp\/v2\/product\/6225\/revisions\/6971"}],"wp:featuredmedia":[{"embeddable":true,"href":"https:\/\/old.b2com.africa\/index.php\/wp-json\/wp\/v2\/media\/6228"}],"wp:attachment":[{"href":"https:\/\/old.b2com.africa\/index.php\/wp-json\/wp\/v2\/media?parent=6225"}],"wp:term":[{"taxonomy":"product_cat","embeddable":true,"href":"https:\/\/old.b2com.africa\/index.php\/wp-json\/wp\/v2\/product_cat?post=6225"},{"taxonomy":"product_tag","embeddable":true,"href":"https:\/\/old.b2com.africa\/index.php\/wp-json\/wp\/v2\/product_tag?post=6225"}],"curies":[{"name":"wp","href":"https:\/\/api.w.org\/{rel}","templated":true}]}}