{"id":6222,"date":"2023-08-10T10:32:33","date_gmt":"2023-08-10T08:32:33","guid":{"rendered":"https:\/\/old.b2com.africa\/?post_type=product&#038;p=6222"},"modified":"2023-08-10T10:32:34","modified_gmt":"2023-08-10T08:32:34","slug":"cles-usb-carte-de-credit-mini-card","status":"publish","type":"product","link":"https:\/\/old.b2com.africa\/index.php\/product\/cles-usb-carte-de-credit-mini-card\/","title":{"rendered":"Cl\u00e9s USB Carte de cr\u00e9dit Mini card"},"content":{"rendered":"<p>Cette\u00a0<strong>cl\u00e9s usb publicitaire<\/strong> en forme de mini carte de cr\u00e9dit, est aussi fine que la Cr\u00e9dit Card. Les 2 faces sont enti\u00e8rement personnalisable en quadri. . Ultra fine, vous la rangerez facilement dans votre portefeuille. Made in Europe, en plastique. Tarif de 8 Go \u00e0 64 Go.<\/p>\n<p>Ces cl\u00e9s USB en forme de cartes de cr\u00e9dits sont ultra-minces et peuvent \u00eatre imprim\u00e9es \u00e0 100% ! Elles ont le format d\u2019une carte de cr\u00e9dit standard. Le recto et le verso peuvent \u00eatre imprim\u00e9s en quadrichromie de haute qualit\u00e9.<\/p>\n<p>Packagings disponibles : Frame, Porte-Carte, Bo\u00eete transparente<\/p>\n<p>Couleurs : A vos couleurs<br \/>\nDimensions : 6 x 3 cm<br \/>\nMarquage : Quadri offset<br \/>\nQuantit\u00e9 minimum :25 exemplaires<\/p>\n","protected":false},"excerpt":{"rendered":"<p>Cette\u00a0cl\u00e9s usb publicitaire en forme de mini carte de cr\u00e9dit, est aussi fine que la Cr\u00e9dit Card. Les 2 faces sont enti\u00e8rement personnalisable en quadri. . Ultra fine, vous la rangerez facilement dans votre portefeuille. Made in Europe, en plastique. Tarif de 8 Go \u00e0 64 Go. Ces cl\u00e9s USB en forme de cartes de [&hellip;]<\/p>\n","protected":false},"author":5,"featured_media":6213,"comment_status":"open","ping_status":"closed","template":"","meta":{"content-type":""},"product_cat":[188,386,383,68],"product_tag":[],"_links":{"self":[{"href":"https:\/\/old.b2com.africa\/index.php\/wp-json\/wp\/v2\/product\/6222"}],"collection":[{"href":"https:\/\/old.b2com.africa\/index.php\/wp-json\/wp\/v2\/product"}],"about":[{"href":"https:\/\/old.b2com.africa\/index.php\/wp-json\/wp\/v2\/types\/product"}],"author":[{"embeddable":true,"href":"https:\/\/old.b2com.africa\/index.php\/wp-json\/wp\/v2\/users\/5"}],"replies":[{"embeddable":true,"href":"https:\/\/old.b2com.africa\/index.php\/wp-json\/wp\/v2\/comments?post=6222"}],"version-history":[{"count":1,"href":"https:\/\/old.b2com.africa\/index.php\/wp-json\/wp\/v2\/product\/6222\/revisions"}],"predecessor-version":[{"id":6223,"href":"https:\/\/old.b2com.africa\/index.php\/wp-json\/wp\/v2\/product\/6222\/revisions\/6223"}],"wp:featuredmedia":[{"embeddable":true,"href":"https:\/\/old.b2com.africa\/index.php\/wp-json\/wp\/v2\/media\/6213"}],"wp:attachment":[{"href":"https:\/\/old.b2com.africa\/index.php\/wp-json\/wp\/v2\/media?parent=6222"}],"wp:term":[{"taxonomy":"product_cat","embeddable":true,"href":"https:\/\/old.b2com.africa\/index.php\/wp-json\/wp\/v2\/product_cat?post=6222"},{"taxonomy":"product_tag","embeddable":true,"href":"https:\/\/old.b2com.africa\/index.php\/wp-json\/wp\/v2\/product_tag?post=6222"}],"curies":[{"name":"wp","href":"https:\/\/api.w.org\/{rel}","templated":true}]}}