{"id":6201,"date":"2023-08-10T10:01:42","date_gmt":"2023-08-10T08:01:42","guid":{"rendered":"https:\/\/old.b2com.africa\/?post_type=product&#038;p=6201"},"modified":"2023-08-10T10:33:37","modified_gmt":"2023-08-10T08:33:37","slug":"cles-usb-carte-de-credit-en-metal","status":"publish","type":"product","link":"https:\/\/old.b2com.africa\/index.php\/product\/cles-usb-carte-de-credit-en-metal\/","title":{"rendered":"Cl\u00e9s USB Carte de cr\u00e9dit X en m\u00e9tal"},"content":{"rendered":"<p>Cl\u00e9s USB Carte de cr\u00e9dit en m\u00e9tal<\/p>\n","protected":false},"excerpt":{"rendered":"<p>Cl\u00e9s USB Carte de cr\u00e9dit en m\u00e9tal<\/p>\n","protected":false},"author":5,"featured_media":6202,"comment_status":"open","ping_status":"closed","template":"","meta":{"content-type":""},"product_cat":[188,386,385,68],"product_tag":[],"_links":{"self":[{"href":"https:\/\/old.b2com.africa\/index.php\/wp-json\/wp\/v2\/product\/6201"}],"collection":[{"href":"https:\/\/old.b2com.africa\/index.php\/wp-json\/wp\/v2\/product"}],"about":[{"href":"https:\/\/old.b2com.africa\/index.php\/wp-json\/wp\/v2\/types\/product"}],"author":[{"embeddable":true,"href":"https:\/\/old.b2com.africa\/index.php\/wp-json\/wp\/v2\/users\/5"}],"replies":[{"embeddable":true,"href":"https:\/\/old.b2com.africa\/index.php\/wp-json\/wp\/v2\/comments?post=6201"}],"version-history":[{"count":2,"href":"https:\/\/old.b2com.africa\/index.php\/wp-json\/wp\/v2\/product\/6201\/revisions"}],"predecessor-version":[{"id":6224,"href":"https:\/\/old.b2com.africa\/index.php\/wp-json\/wp\/v2\/product\/6201\/revisions\/6224"}],"wp:featuredmedia":[{"embeddable":true,"href":"https:\/\/old.b2com.africa\/index.php\/wp-json\/wp\/v2\/media\/6202"}],"wp:attachment":[{"href":"https:\/\/old.b2com.africa\/index.php\/wp-json\/wp\/v2\/media?parent=6201"}],"wp:term":[{"taxonomy":"product_cat","embeddable":true,"href":"https:\/\/old.b2com.africa\/index.php\/wp-json\/wp\/v2\/product_cat?post=6201"},{"taxonomy":"product_tag","embeddable":true,"href":"https:\/\/old.b2com.africa\/index.php\/wp-json\/wp\/v2\/product_tag?post=6201"}],"curies":[{"name":"wp","href":"https:\/\/api.w.org\/{rel}","templated":true}]}}