{"id":6179,"date":"2023-08-10T02:01:29","date_gmt":"2023-08-10T00:01:29","guid":{"rendered":"https:\/\/old.b2com.africa\/?post_type=product&#038;p=6179"},"modified":"2023-08-10T02:01:29","modified_gmt":"2023-08-10T00:01:29","slug":"cles-usb-similicuir-abidjan","status":"publish","type":"product","link":"https:\/\/old.b2com.africa\/index.php\/product\/cles-usb-similicuir-abidjan\/","title":{"rendered":"Cl\u00e9s USB similicuir Abidjan"},"content":{"rendered":"<div id=\"short_description_block\">\n<div id=\"short_description_content\" class=\"rte align_justify\">\n<p>Cette cl\u00e9 USB publicitaire constitue un support efficace pour v\u00e9hiculer votre communication : un cadeau utile et pratique au quotidien.<\/p>\n<p>En simili cuir, elle assure une valeur ajout\u00e9e \u00e0 votre entreprise. Tarif sur la base d&#8217;une capacit\u00e9 8 Go \u00e0 64 Go. Packaging sur demande<\/p>\n<p>Possibilit\u00e9 de commander du vrai cuir 100%<\/p>\n<\/div>\n<\/div>\n<ul id=\"features_block\">\n<li>Couleurs : Marron, vert, noir,<\/li>\n<li>Dimensions :\u00a08,8 x 2,4 x 2 cm<\/li>\n<li>Marquage :\u00a0Gravure laser<\/li>\n<li>Quantit\u00e9 minimum : 25 exemplaires<\/li>\n<\/ul>\n","protected":false},"excerpt":{"rendered":"<p>Cette cl\u00e9 USB publicitaire constitue un support efficace pour v\u00e9hiculer votre communication : un cadeau utile et pratique au quotidien. En simili cuir, elle assure une valeur ajout\u00e9e \u00e0 votre entreprise. Tarif sur la base d&#8217;une capacit\u00e9 8 Go \u00e0 64 Go. Packaging sur demande Possibilit\u00e9 de commander du vrai cuir 100% Couleurs : Marron, [&hellip;]<\/p>\n","protected":false},"author":5,"featured_media":6180,"comment_status":"open","ping_status":"closed","template":"","meta":{"content-type":""},"product_cat":[188,384,68],"product_tag":[],"_links":{"self":[{"href":"https:\/\/old.b2com.africa\/index.php\/wp-json\/wp\/v2\/product\/6179"}],"collection":[{"href":"https:\/\/old.b2com.africa\/index.php\/wp-json\/wp\/v2\/product"}],"about":[{"href":"https:\/\/old.b2com.africa\/index.php\/wp-json\/wp\/v2\/types\/product"}],"author":[{"embeddable":true,"href":"https:\/\/old.b2com.africa\/index.php\/wp-json\/wp\/v2\/users\/5"}],"replies":[{"embeddable":true,"href":"https:\/\/old.b2com.africa\/index.php\/wp-json\/wp\/v2\/comments?post=6179"}],"version-history":[{"count":1,"href":"https:\/\/old.b2com.africa\/index.php\/wp-json\/wp\/v2\/product\/6179\/revisions"}],"predecessor-version":[{"id":6184,"href":"https:\/\/old.b2com.africa\/index.php\/wp-json\/wp\/v2\/product\/6179\/revisions\/6184"}],"wp:featuredmedia":[{"embeddable":true,"href":"https:\/\/old.b2com.africa\/index.php\/wp-json\/wp\/v2\/media\/6180"}],"wp:attachment":[{"href":"https:\/\/old.b2com.africa\/index.php\/wp-json\/wp\/v2\/media?parent=6179"}],"wp:term":[{"taxonomy":"product_cat","embeddable":true,"href":"https:\/\/old.b2com.africa\/index.php\/wp-json\/wp\/v2\/product_cat?post=6179"},{"taxonomy":"product_tag","embeddable":true,"href":"https:\/\/old.b2com.africa\/index.php\/wp-json\/wp\/v2\/product_tag?post=6179"}],"curies":[{"name":"wp","href":"https:\/\/api.w.org\/{rel}","templated":true}]}}