{"id":6145,"date":"2023-08-10T00:17:51","date_gmt":"2023-08-09T22:17:51","guid":{"rendered":"https:\/\/old.b2com.africa\/?post_type=product&#038;p=6145"},"modified":"2025-11-01T00:37:22","modified_gmt":"2025-10-31T23:37:22","slug":"cles-usb-similicuir-bamako","status":"publish","type":"product","link":"https:\/\/old.b2com.africa\/index.php\/product\/cles-usb-similicuir-bamako\/","title":{"rendered":"Cl\u00e9s USB similicuir Paris"},"content":{"rendered":"<div id=\"short_description_block\">\n<div id=\"short_description_content\" class=\"rte align_justify\">\n<p>Cette cl\u00e9 USB publicitaire constitue un cadeau high tech id\u00e9al pour vos clients et votre communication sera vu de partout au quotidien.<\/p>\n<p>En simili cuir, assure une valeur ajout\u00e9e \u00e0 votre enseigne. Tarif sur la base d&#8217;une capacit\u00e9 8 Go \u00e0 64 Go.<\/p>\n<p>Packaging sur demande.<\/p>\n<\/div>\n<\/div>\n<ul id=\"features_block\">\n<li>Couleurs : Noir, vert, rouge, vert clair, vert fonc\u00e9, bleu marine, bleu bic, marron, li\u00e8ge<\/li>\n<li>Dimensions :\u00a02,8 x 1,5 cm<\/li>\n<li>Marquage : Tampographie, Laser Uv, Uv DTF<\/li>\n<li>Quantit\u00e9 minimum : 25 exemplaires<\/li>\n<\/ul>\n","protected":false},"excerpt":{"rendered":"<p>Cette cl\u00e9 USB publicitaire constitue un cadeau high tech id\u00e9al pour vos clients et votre communication sera vu de partout au quotidien. En simili cuir, assure une valeur ajout\u00e9e \u00e0 votre enseigne. Tarif sur la base d&#8217;une capacit\u00e9 8 Go \u00e0 64 Go. Packaging sur demande. Couleurs : Noir, vert, rouge, vert clair, vert fonc\u00e9, [&hellip;]<\/p>\n","protected":false},"author":5,"featured_media":6073,"comment_status":"open","ping_status":"closed","template":"","meta":{"content-type":""},"product_cat":[188,384,68],"product_tag":[],"_links":{"self":[{"href":"https:\/\/old.b2com.africa\/index.php\/wp-json\/wp\/v2\/product\/6145"}],"collection":[{"href":"https:\/\/old.b2com.africa\/index.php\/wp-json\/wp\/v2\/product"}],"about":[{"href":"https:\/\/old.b2com.africa\/index.php\/wp-json\/wp\/v2\/types\/product"}],"author":[{"embeddable":true,"href":"https:\/\/old.b2com.africa\/index.php\/wp-json\/wp\/v2\/users\/5"}],"replies":[{"embeddable":true,"href":"https:\/\/old.b2com.africa\/index.php\/wp-json\/wp\/v2\/comments?post=6145"}],"version-history":[{"count":3,"href":"https:\/\/old.b2com.africa\/index.php\/wp-json\/wp\/v2\/product\/6145\/revisions"}],"predecessor-version":[{"id":6161,"href":"https:\/\/old.b2com.africa\/index.php\/wp-json\/wp\/v2\/product\/6145\/revisions\/6161"}],"wp:featuredmedia":[{"embeddable":true,"href":"https:\/\/old.b2com.africa\/index.php\/wp-json\/wp\/v2\/media\/6073"}],"wp:attachment":[{"href":"https:\/\/old.b2com.africa\/index.php\/wp-json\/wp\/v2\/media?parent=6145"}],"wp:term":[{"taxonomy":"product_cat","embeddable":true,"href":"https:\/\/old.b2com.africa\/index.php\/wp-json\/wp\/v2\/product_cat?post=6145"},{"taxonomy":"product_tag","embeddable":true,"href":"https:\/\/old.b2com.africa\/index.php\/wp-json\/wp\/v2\/product_tag?post=6145"}],"curies":[{"name":"wp","href":"https:\/\/api.w.org\/{rel}","templated":true}]}}