{"id":6138,"date":"2023-08-09T23:34:58","date_gmt":"2023-08-09T21:34:58","guid":{"rendered":"https:\/\/old.b2com.africa\/?post_type=product&#038;p=6138"},"modified":"2025-10-28T12:15:59","modified_gmt":"2025-10-28T11:15:59","slug":"cles-usb-similicuir-niamey","status":"publish","type":"product","link":"https:\/\/old.b2com.africa\/index.php\/product\/cles-usb-similicuir-niamey\/","title":{"rendered":"Cl\u00e9s USB similicuir Niamey"},"content":{"rendered":"<div id=\"short_description_block\">\n<div id=\"short_description_content\" class=\"rte align_justify\">\n<p>Cette cl\u00e9 USB publicitaire constitue un support tr\u00e8s valorisant et s\u00e9duisant gr\u00e2ce \u00e0 sa mati\u00e8re en simili cuir. Un cadeau de communication qui retiendra l&#8217;attention de vos clients. Tarif sur la base d&#8217;une capacit\u00e9 8Go \u00e0 64Go. Packaging sur demande<\/p>\n<p>Possibilit\u00e9 de commander en vrai cuir 100%<\/p>\n<\/div>\n<\/div>\n<ul id=\"features_block\">\n<li>Couleurs :\u00a0Marron<\/li>\n<li>Dimensions :\u00a09 x 3 x 1,8 cm<\/li>\n<li>Marquage :\u00a0Gravure laser<\/li>\n<li>Quantit\u00e9 minimum : 25 exemplaires<\/li>\n<\/ul>\n","protected":false},"excerpt":{"rendered":"<p>Cette cl\u00e9 USB publicitaire constitue un support tr\u00e8s valorisant et s\u00e9duisant gr\u00e2ce \u00e0 sa mati\u00e8re en simili cuir. Un cadeau de communication qui retiendra l&#8217;attention de vos clients. Tarif sur la base d&#8217;une capacit\u00e9 8Go \u00e0 64Go. Packaging sur demande Possibilit\u00e9 de commander en vrai cuir 100% Couleurs :\u00a0Marron Dimensions :\u00a09 x 3 x 1,8 [&hellip;]<\/p>\n","protected":false},"author":5,"featured_media":6139,"comment_status":"open","ping_status":"closed","template":"","meta":{"content-type":""},"product_cat":[188,384,68],"product_tag":[],"_links":{"self":[{"href":"https:\/\/old.b2com.africa\/index.php\/wp-json\/wp\/v2\/product\/6138"}],"collection":[{"href":"https:\/\/old.b2com.africa\/index.php\/wp-json\/wp\/v2\/product"}],"about":[{"href":"https:\/\/old.b2com.africa\/index.php\/wp-json\/wp\/v2\/types\/product"}],"author":[{"embeddable":true,"href":"https:\/\/old.b2com.africa\/index.php\/wp-json\/wp\/v2\/users\/5"}],"replies":[{"embeddable":true,"href":"https:\/\/old.b2com.africa\/index.php\/wp-json\/wp\/v2\/comments?post=6138"}],"version-history":[{"count":1,"href":"https:\/\/old.b2com.africa\/index.php\/wp-json\/wp\/v2\/product\/6138\/revisions"}],"predecessor-version":[{"id":6141,"href":"https:\/\/old.b2com.africa\/index.php\/wp-json\/wp\/v2\/product\/6138\/revisions\/6141"}],"wp:featuredmedia":[{"embeddable":true,"href":"https:\/\/old.b2com.africa\/index.php\/wp-json\/wp\/v2\/media\/6139"}],"wp:attachment":[{"href":"https:\/\/old.b2com.africa\/index.php\/wp-json\/wp\/v2\/media?parent=6138"}],"wp:term":[{"taxonomy":"product_cat","embeddable":true,"href":"https:\/\/old.b2com.africa\/index.php\/wp-json\/wp\/v2\/product_cat?post=6138"},{"taxonomy":"product_tag","embeddable":true,"href":"https:\/\/old.b2com.africa\/index.php\/wp-json\/wp\/v2\/product_tag?post=6138"}],"curies":[{"name":"wp","href":"https:\/\/api.w.org\/{rel}","templated":true}]}}