{"id":6129,"date":"2023-08-09T22:41:03","date_gmt":"2023-08-09T20:41:03","guid":{"rendered":"https:\/\/old.b2com.africa\/?post_type=product&#038;p=6129"},"modified":"2025-11-01T00:37:37","modified_gmt":"2025-10-31T23:37:37","slug":"cles-usb-similicuir-madrid","status":"publish","type":"product","link":"https:\/\/old.b2com.africa\/index.php\/product\/cles-usb-similicuir-madrid\/","title":{"rendered":"Cl\u00e9s USB similicuir Madrid"},"content":{"rendered":"<div id=\"short_description_block\">\n<div id=\"short_description_content\" class=\"rte align_justify\">\n<p>Cette cl\u00e9 USB publicitaire constitue un support tr\u00e8s valorisant et s\u00e9duisant gr\u00e2ce \u00e0 sa mati\u00e8re en simili cuir. Un cadeau de communication qui retiendra l&#8217;attention de vos clients. Utile et pratique au quotidien. Tarif sur la base d&#8217;une capacit\u00e9 8 Go \u00e0 64 Go. Packaging sur demande<\/p>\n<\/div>\n<\/div>\n<ul id=\"features_block\">\n<li>Couleurs : Marron, noir, blanc, bleu, rouge<\/li>\n<li>Dimensions :\u00a08,5 x 2,4 x 1,5 cm<\/li>\n<li>Marquage : Embossage, Laser UV, UV DTF, Tampographie<\/li>\n<li>Quantit\u00e9 minimum : 25 exemplaires<\/li>\n<\/ul>\n","protected":false},"excerpt":{"rendered":"<p>Cette cl\u00e9 USB publicitaire constitue un support tr\u00e8s valorisant et s\u00e9duisant gr\u00e2ce \u00e0 sa mati\u00e8re en simili cuir. Un cadeau de communication qui retiendra l&#8217;attention de vos clients. Utile et pratique au quotidien. Tarif sur la base d&#8217;une capacit\u00e9 8 Go \u00e0 64 Go. Packaging sur demande Couleurs : Marron, noir, blanc, bleu, rouge Dimensions [&hellip;]<\/p>\n","protected":false},"author":5,"featured_media":6165,"comment_status":"open","ping_status":"closed","template":"","meta":{"content-type":""},"product_cat":[188,384,68],"product_tag":[],"_links":{"self":[{"href":"https:\/\/old.b2com.africa\/index.php\/wp-json\/wp\/v2\/product\/6129"}],"collection":[{"href":"https:\/\/old.b2com.africa\/index.php\/wp-json\/wp\/v2\/product"}],"about":[{"href":"https:\/\/old.b2com.africa\/index.php\/wp-json\/wp\/v2\/types\/product"}],"author":[{"embeddable":true,"href":"https:\/\/old.b2com.africa\/index.php\/wp-json\/wp\/v2\/users\/5"}],"replies":[{"embeddable":true,"href":"https:\/\/old.b2com.africa\/index.php\/wp-json\/wp\/v2\/comments?post=6129"}],"version-history":[{"count":1,"href":"https:\/\/old.b2com.africa\/index.php\/wp-json\/wp\/v2\/product\/6129\/revisions"}],"predecessor-version":[{"id":6130,"href":"https:\/\/old.b2com.africa\/index.php\/wp-json\/wp\/v2\/product\/6129\/revisions\/6130"}],"wp:featuredmedia":[{"embeddable":true,"href":"https:\/\/old.b2com.africa\/index.php\/wp-json\/wp\/v2\/media\/6165"}],"wp:attachment":[{"href":"https:\/\/old.b2com.africa\/index.php\/wp-json\/wp\/v2\/media?parent=6129"}],"wp:term":[{"taxonomy":"product_cat","embeddable":true,"href":"https:\/\/old.b2com.africa\/index.php\/wp-json\/wp\/v2\/product_cat?post=6129"},{"taxonomy":"product_tag","embeddable":true,"href":"https:\/\/old.b2com.africa\/index.php\/wp-json\/wp\/v2\/product_tag?post=6129"}],"curies":[{"name":"wp","href":"https:\/\/api.w.org\/{rel}","templated":true}]}}