{"id":6110,"date":"2023-08-09T17:56:15","date_gmt":"2023-08-09T15:56:15","guid":{"rendered":"https:\/\/old.b2com.africa\/?post_type=product&#038;p=6110"},"modified":"2025-10-28T12:15:37","modified_gmt":"2025-10-28T11:15:37","slug":"cles-usb-similicuir-denver","status":"publish","type":"product","link":"https:\/\/old.b2com.africa\/index.php\/product\/cles-usb-similicuir-denver\/","title":{"rendered":"Cl\u00e9s USB similicuir Vietnam"},"content":{"rendered":"<div id=\"short_description_block\">\n<div id=\"short_description_content\" class=\"rte align_justify\">\n<p>Cette cl\u00e9 USB publicitaire constitue un support tr\u00e8s valorisant et s\u00e9duisant gr\u00e2ce \u00e0 sa mati\u00e8re en simili cuir.<\/p>\n<p>Un cadeau de communication qui retiendra l&#8217;attention de vos clients. Offre une grande palette de couleurs. Tarif sur la base d&#8217;une capacit\u00e9 8 Go \u00e0 64 Go. Possibilit\u00e9 de commander du vrai cuir 100%<\/p>\n<p>Packaging sur demande<\/p>\n<\/div>\n<\/div>\n<ul id=\"features_block\">\n<li>Couleurs : Blanc, bleu, rouge, noir, marron, orange<\/li>\n<li>Dimensions :\u00a06 x 2,7 cm<\/li>\n<li>Marquage : Tampographie, embossage, Laser uv, Uv DTF<\/li>\n<li>Quantit\u00e9 minimum : 25 exemplaires<\/li>\n<\/ul>\n","protected":false},"excerpt":{"rendered":"<p>Cette cl\u00e9 USB publicitaire constitue un support tr\u00e8s valorisant et s\u00e9duisant gr\u00e2ce \u00e0 sa mati\u00e8re en simili cuir. Un cadeau de communication qui retiendra l&#8217;attention de vos clients. Offre une grande palette de couleurs. Tarif sur la base d&#8217;une capacit\u00e9 8 Go \u00e0 64 Go. Possibilit\u00e9 de commander du vrai cuir 100% Packaging sur demande [&hellip;]<\/p>\n","protected":false},"author":5,"featured_media":6095,"comment_status":"open","ping_status":"closed","template":"","meta":{"content-type":""},"product_cat":[188,384,68],"product_tag":[],"_links":{"self":[{"href":"https:\/\/old.b2com.africa\/index.php\/wp-json\/wp\/v2\/product\/6110"}],"collection":[{"href":"https:\/\/old.b2com.africa\/index.php\/wp-json\/wp\/v2\/product"}],"about":[{"href":"https:\/\/old.b2com.africa\/index.php\/wp-json\/wp\/v2\/types\/product"}],"author":[{"embeddable":true,"href":"https:\/\/old.b2com.africa\/index.php\/wp-json\/wp\/v2\/users\/5"}],"replies":[{"embeddable":true,"href":"https:\/\/old.b2com.africa\/index.php\/wp-json\/wp\/v2\/comments?post=6110"}],"version-history":[{"count":7,"href":"https:\/\/old.b2com.africa\/index.php\/wp-json\/wp\/v2\/product\/6110\/revisions"}],"predecessor-version":[{"id":6178,"href":"https:\/\/old.b2com.africa\/index.php\/wp-json\/wp\/v2\/product\/6110\/revisions\/6178"}],"wp:featuredmedia":[{"embeddable":true,"href":"https:\/\/old.b2com.africa\/index.php\/wp-json\/wp\/v2\/media\/6095"}],"wp:attachment":[{"href":"https:\/\/old.b2com.africa\/index.php\/wp-json\/wp\/v2\/media?parent=6110"}],"wp:term":[{"taxonomy":"product_cat","embeddable":true,"href":"https:\/\/old.b2com.africa\/index.php\/wp-json\/wp\/v2\/product_cat?post=6110"},{"taxonomy":"product_tag","embeddable":true,"href":"https:\/\/old.b2com.africa\/index.php\/wp-json\/wp\/v2\/product_tag?post=6110"}],"curies":[{"name":"wp","href":"https:\/\/api.w.org\/{rel}","templated":true}]}}