{"id":5885,"date":"2023-08-08T15:32:35","date_gmt":"2023-08-08T13:32:35","guid":{"rendered":"https:\/\/old.b2com.africa\/?post_type=product&#038;p=5885"},"modified":"2025-09-11T00:16:10","modified_gmt":"2025-09-10T22:16:10","slug":"pense-betes-ou-post-it-en-forme-3d","status":"publish","type":"product","link":"https:\/\/old.b2com.africa\/index.php\/product\/pense-betes-ou-post-it-en-forme-3d\/","title":{"rendered":"Pense-b\u00eates ou Post it en forme 3D"},"content":{"rendered":"<div class=\"noto-big\">\n<p>Ils sont petits, color\u00e9s, de formes vari\u00e9es et peuvent surtout \u00eatre coll\u00e9s partout sans aucun risque d&#8217;ab\u00eemer les surfaces\u00a0: tout le monde adore et utilise les pense-b\u00eates\u00a0!<\/p>\n<p>Ravivez un produit si iconique et intemporel en le personnalisant avec votre cr\u00e9ativit\u00e9\u00a0: les pense-b\u00eates seront un article publicitaire petit, mais tr\u00e8s utile, qui v\u00e9hiculera votre marque litt\u00e9ralement partout\u00a0!<\/p>\n<\/div>\n<div class=\"btn btn-md btn-gradient-pink intro-cta d-sm-inline-block\"><\/div>\n","protected":false},"excerpt":{"rendered":"<div class=\"intro-content\">\n<div class=\"container\">\n<div class=\"row row-cols-1 row-cols-sm-2\">\n<div class=\"col intro-text bg-gray-100\">\n<h1 class=\"subtitle\">Notes adh\u00e9sives personnalis\u00e9es &#8211; Pense-b\u00eates publicitaires<\/h1>\n<div class=\"noto-big\"><\/div>\n<div class=\"btn btn-md btn-gradient-pink intro-cta d-sm-inline-block\"><\/div>\n<\/div>\n<\/div>\n<\/div>\n<\/div>\n","protected":false},"author":5,"featured_media":5886,"comment_status":"open","ping_status":"closed","template":"","meta":{"content-type":""},"product_cat":[64,71,91],"product_tag":[],"_links":{"self":[{"href":"https:\/\/old.b2com.africa\/index.php\/wp-json\/wp\/v2\/product\/5885"}],"collection":[{"href":"https:\/\/old.b2com.africa\/index.php\/wp-json\/wp\/v2\/product"}],"about":[{"href":"https:\/\/old.b2com.africa\/index.php\/wp-json\/wp\/v2\/types\/product"}],"author":[{"embeddable":true,"href":"https:\/\/old.b2com.africa\/index.php\/wp-json\/wp\/v2\/users\/5"}],"replies":[{"embeddable":true,"href":"https:\/\/old.b2com.africa\/index.php\/wp-json\/wp\/v2\/comments?post=5885"}],"version-history":[{"count":1,"href":"https:\/\/old.b2com.africa\/index.php\/wp-json\/wp\/v2\/product\/5885\/revisions"}],"predecessor-version":[{"id":5892,"href":"https:\/\/old.b2com.africa\/index.php\/wp-json\/wp\/v2\/product\/5885\/revisions\/5892"}],"wp:featuredmedia":[{"embeddable":true,"href":"https:\/\/old.b2com.africa\/index.php\/wp-json\/wp\/v2\/media\/5886"}],"wp:attachment":[{"href":"https:\/\/old.b2com.africa\/index.php\/wp-json\/wp\/v2\/media?parent=5885"}],"wp:term":[{"taxonomy":"product_cat","embeddable":true,"href":"https:\/\/old.b2com.africa\/index.php\/wp-json\/wp\/v2\/product_cat?post=5885"},{"taxonomy":"product_tag","embeddable":true,"href":"https:\/\/old.b2com.africa\/index.php\/wp-json\/wp\/v2\/product_tag?post=5885"}],"curies":[{"name":"wp","href":"https:\/\/api.w.org\/{rel}","templated":true}]}}