{"id":5879,"date":"2023-08-08T15:06:40","date_gmt":"2023-08-08T13:06:40","guid":{"rendered":"https:\/\/old.b2com.africa\/?post_type=product&#038;p=5879"},"modified":"2025-11-01T00:44:27","modified_gmt":"2025-10-31T23:44:27","slug":"pense-bete-ou-post-it-autocollant-couverture-rigide","status":"publish","type":"product","link":"https:\/\/old.b2com.africa\/index.php\/product\/pense-bete-ou-post-it-autocollant-couverture-rigide\/","title":{"rendered":"Pense b\u00eate ou Post it autocollant &#8211; couverture rigide"},"content":{"rendered":"<p>Pour un aspect plus qualitatif et deux fois plus de chance de faire parler de vous, optez pour des blocs de notes autocollantes personnalis\u00e9s, reli\u00e9s et prot\u00e9g\u00e9s d\u2019une couverture rigide\u00a0 souple elle aussi personnalisable !<\/p>\n<p>Alors, offrez des penses b\u00eates autocollants \u00e0 vos clients. Ils trouveront facilement le moyen de s\u2019en servir pour n\u2019importe quelle occasion.<\/p>\n","protected":false},"excerpt":{"rendered":"<h1 class=\"title-small\">Impression de pense-b\u00eate personnalis\u00e9 avec couverture rigide<\/h1>\n","protected":false},"author":5,"featured_media":5880,"comment_status":"open","ping_status":"closed","template":"","meta":{"content-type":""},"product_cat":[64,71,91],"product_tag":[],"_links":{"self":[{"href":"https:\/\/old.b2com.africa\/index.php\/wp-json\/wp\/v2\/product\/5879"}],"collection":[{"href":"https:\/\/old.b2com.africa\/index.php\/wp-json\/wp\/v2\/product"}],"about":[{"href":"https:\/\/old.b2com.africa\/index.php\/wp-json\/wp\/v2\/types\/product"}],"author":[{"embeddable":true,"href":"https:\/\/old.b2com.africa\/index.php\/wp-json\/wp\/v2\/users\/5"}],"replies":[{"embeddable":true,"href":"https:\/\/old.b2com.africa\/index.php\/wp-json\/wp\/v2\/comments?post=5879"}],"version-history":[{"count":1,"href":"https:\/\/old.b2com.africa\/index.php\/wp-json\/wp\/v2\/product\/5879\/revisions"}],"predecessor-version":[{"id":5884,"href":"https:\/\/old.b2com.africa\/index.php\/wp-json\/wp\/v2\/product\/5879\/revisions\/5884"}],"wp:featuredmedia":[{"embeddable":true,"href":"https:\/\/old.b2com.africa\/index.php\/wp-json\/wp\/v2\/media\/5880"}],"wp:attachment":[{"href":"https:\/\/old.b2com.africa\/index.php\/wp-json\/wp\/v2\/media?parent=5879"}],"wp:term":[{"taxonomy":"product_cat","embeddable":true,"href":"https:\/\/old.b2com.africa\/index.php\/wp-json\/wp\/v2\/product_cat?post=5879"},{"taxonomy":"product_tag","embeddable":true,"href":"https:\/\/old.b2com.africa\/index.php\/wp-json\/wp\/v2\/product_tag?post=5879"}],"curies":[{"name":"wp","href":"https:\/\/api.w.org\/{rel}","templated":true}]}}