{"id":5877,"date":"2023-08-08T14:58:34","date_gmt":"2023-08-08T12:58:34","guid":{"rendered":"https:\/\/old.b2com.africa\/?post_type=product&#038;p=5877"},"modified":"2025-10-25T06:33:41","modified_gmt":"2025-10-25T04:33:41","slug":"pense-betes-ou-post-it-decoupes-a-la-forme","status":"publish","type":"product","link":"https:\/\/old.b2com.africa\/index.php\/product\/pense-betes-ou-post-it-decoupes-a-la-forme\/","title":{"rendered":"Pense-b\u00eates ou Post it d\u00e9coup\u00e9s \u00e0 la forme"},"content":{"rendered":"<div class=\"intro\">\n<div class=\"intro-content\">\n<div class=\"container\">\n<div class=\"row row-cols-1 row-cols-sm-2\">\n<div class=\"col intro-text\">\n<div class=\"noto-medium\">\n<p>Pour vous diff\u00e9rencier de la concurrence pensez \u00e0 personnaliser vos pense-b\u00eates en les faisant imprimer avec le nom, le logo, le slogan et les coordonn\u00e9es de votre soci\u00e9t\u00e9.<\/p>\n<p>Pour apporter plus d\u2019originalit\u00e9 et donner une image tendance, faites les d\u00e9couper en forme de fl\u00e8che !<\/p>\n<p>Ils vont donner une touche de couleur, un aspect rigolo \u00e0 vos notes, \u00e9gayer les documents, rapports un peu terne de votre client\u00e8le !<\/p>\n<\/div>\n<\/div>\n<\/div>\n<\/div>\n<\/div>\n<\/div>\n<div class=\"container\">\n<div class=\"row\">\n<div id=\"product-configuration\" class=\"col-12 col-sm-8 product-configuration-container\">\n<div id=\"product-configuration\">\n<div class=\"prod-step\"><\/div>\n<\/div>\n<\/div>\n<\/div>\n<\/div>\n","protected":false},"excerpt":{"rendered":"<h1 class=\"title-small\">Pense-B\u00eates d\u00e9coup\u00e9s \u00e0 la forme &#8211; Blocs-notes publicitaires<\/h1>\n","protected":false},"author":5,"featured_media":5875,"comment_status":"open","ping_status":"closed","template":"","meta":{"content-type":""},"product_cat":[64,71,91],"product_tag":[],"_links":{"self":[{"href":"https:\/\/old.b2com.africa\/index.php\/wp-json\/wp\/v2\/product\/5877"}],"collection":[{"href":"https:\/\/old.b2com.africa\/index.php\/wp-json\/wp\/v2\/product"}],"about":[{"href":"https:\/\/old.b2com.africa\/index.php\/wp-json\/wp\/v2\/types\/product"}],"author":[{"embeddable":true,"href":"https:\/\/old.b2com.africa\/index.php\/wp-json\/wp\/v2\/users\/5"}],"replies":[{"embeddable":true,"href":"https:\/\/old.b2com.africa\/index.php\/wp-json\/wp\/v2\/comments?post=5877"}],"version-history":[{"count":1,"href":"https:\/\/old.b2com.africa\/index.php\/wp-json\/wp\/v2\/product\/5877\/revisions"}],"predecessor-version":[{"id":5878,"href":"https:\/\/old.b2com.africa\/index.php\/wp-json\/wp\/v2\/product\/5877\/revisions\/5878"}],"wp:featuredmedia":[{"embeddable":true,"href":"https:\/\/old.b2com.africa\/index.php\/wp-json\/wp\/v2\/media\/5875"}],"wp:attachment":[{"href":"https:\/\/old.b2com.africa\/index.php\/wp-json\/wp\/v2\/media?parent=5877"}],"wp:term":[{"taxonomy":"product_cat","embeddable":true,"href":"https:\/\/old.b2com.africa\/index.php\/wp-json\/wp\/v2\/product_cat?post=5877"},{"taxonomy":"product_tag","embeddable":true,"href":"https:\/\/old.b2com.africa\/index.php\/wp-json\/wp\/v2\/product_tag?post=5877"}],"curies":[{"name":"wp","href":"https:\/\/api.w.org\/{rel}","templated":true}]}}