{"id":5821,"date":"2023-08-08T14:52:33","date_gmt":"2023-08-08T12:52:33","guid":{"rendered":"https:\/\/old.b2com.africa\/?post_type=product&#038;p=5821"},"modified":"2025-11-01T00:45:15","modified_gmt":"2025-10-31T23:45:15","slug":"pense-betes-standards-ou-post-it","status":"publish","type":"product","link":"https:\/\/old.b2com.africa\/index.php\/product\/pense-betes-standards-ou-post-it\/","title":{"rendered":"Pense-b\u00eates standards ou Post it"},"content":{"rendered":"<p>Le pense b\u00eate autocollant personnalis\u00e9 est id\u00e9al \u00e0 offrir \u00e0 vos collaborateurs \u00e0 la rentr\u00e9e afin qu\u2019ils puissent noter toutes les t\u00e2ches qu\u2019ils ont \u00e0 effectuer mais \u00e9galement pour faire circuler l\u2019image de votre marque !<\/p>\n<p>En effet, gr\u00e2ce aux notes autocollantes personnalis\u00e9es avec votre logo ou votre slogan, vous gagnez en visibilit\u00e9 aupr\u00e8s de vos \u00e9quipes mais \u00e9galement aupr\u00e8s de vos clients !<\/p>\n<p>Le bloc de m\u00e9mo adh\u00e9sif pouvant \u00eatre offert lors d\u2019\u00e9v\u00e9nements particuliers (f\u00eates de No\u00ebl, rentr\u00e9e, nouvel an) pour remercier vos clients de leur fid\u00e9lit\u00e9 !<\/p>\n","protected":false},"excerpt":{"rendered":"<h1 class=\"title-small\">Pense-B\u00eate adh\u00e9sif personnalis\u00e9 &#8211; Format carr\u00e9 et rectangulaire<\/h1>\n","protected":false},"author":5,"featured_media":6106,"comment_status":"open","ping_status":"closed","template":"","meta":{"content-type":""},"product_cat":[64,71,91],"product_tag":[],"_links":{"self":[{"href":"https:\/\/old.b2com.africa\/index.php\/wp-json\/wp\/v2\/product\/5821"}],"collection":[{"href":"https:\/\/old.b2com.africa\/index.php\/wp-json\/wp\/v2\/product"}],"about":[{"href":"https:\/\/old.b2com.africa\/index.php\/wp-json\/wp\/v2\/types\/product"}],"author":[{"embeddable":true,"href":"https:\/\/old.b2com.africa\/index.php\/wp-json\/wp\/v2\/users\/5"}],"replies":[{"embeddable":true,"href":"https:\/\/old.b2com.africa\/index.php\/wp-json\/wp\/v2\/comments?post=5821"}],"version-history":[{"count":1,"href":"https:\/\/old.b2com.africa\/index.php\/wp-json\/wp\/v2\/product\/5821\/revisions"}],"predecessor-version":[{"id":5876,"href":"https:\/\/old.b2com.africa\/index.php\/wp-json\/wp\/v2\/product\/5821\/revisions\/5876"}],"wp:featuredmedia":[{"embeddable":true,"href":"https:\/\/old.b2com.africa\/index.php\/wp-json\/wp\/v2\/media\/6106"}],"wp:attachment":[{"href":"https:\/\/old.b2com.africa\/index.php\/wp-json\/wp\/v2\/media?parent=5821"}],"wp:term":[{"taxonomy":"product_cat","embeddable":true,"href":"https:\/\/old.b2com.africa\/index.php\/wp-json\/wp\/v2\/product_cat?post=5821"},{"taxonomy":"product_tag","embeddable":true,"href":"https:\/\/old.b2com.africa\/index.php\/wp-json\/wp\/v2\/product_tag?post=5821"}],"curies":[{"name":"wp","href":"https:\/\/api.w.org\/{rel}","templated":true}]}}