{"id":5739,"date":"2023-08-08T01:18:31","date_gmt":"2023-08-07T23:18:31","guid":{"rendered":"https:\/\/old.b2com.africa\/?post_type=product&#038;p=5739"},"modified":"2023-08-27T00:11:23","modified_gmt":"2023-08-26T22:11:23","slug":"bloc-notes-avec-couverture-kraft","status":"publish","type":"product","link":"https:\/\/old.b2com.africa\/index.php\/product\/bloc-notes-avec-couverture-kraft\/","title":{"rendered":"Bloc-notes avec couverture Kraft"},"content":{"rendered":"<p>Bloc-notes. Papier kraft. Couverture rigide. Avec 60 feuilles non lign\u00e9es en papier recycl\u00e9. Stylo \u00e0 bille inclus.<\/p>\n<p>Dimension : 130 x 177 mm \/ Dimension maxi de marquage : 70*160 mm (impression r\u00e9alis\u00e9e en Europe)<\/p>\n<p>Coloris : noir, bleu, rouge et vert.<\/p>\n","protected":false},"excerpt":{"rendered":"<p>Bloc-notes. Papier kraft. Couverture rigide. Avec 60 feuilles non lign\u00e9es en papier recycl\u00e9. Stylo \u00e0 bille inclus. Dimension : 130 x 177 mm \/ Dimension maxi de marquage : 70*160 mm (impression r\u00e9alis\u00e9e en Europe) Coloris : noir, bleu, rouge et vert.<\/p>\n","protected":false},"author":5,"featured_media":5740,"comment_status":"open","ping_status":"closed","template":"","meta":{"content-type":""},"product_cat":[86,333,153,64,71,66],"product_tag":[],"_links":{"self":[{"href":"https:\/\/old.b2com.africa\/index.php\/wp-json\/wp\/v2\/product\/5739"}],"collection":[{"href":"https:\/\/old.b2com.africa\/index.php\/wp-json\/wp\/v2\/product"}],"about":[{"href":"https:\/\/old.b2com.africa\/index.php\/wp-json\/wp\/v2\/types\/product"}],"author":[{"embeddable":true,"href":"https:\/\/old.b2com.africa\/index.php\/wp-json\/wp\/v2\/users\/5"}],"replies":[{"embeddable":true,"href":"https:\/\/old.b2com.africa\/index.php\/wp-json\/wp\/v2\/comments?post=5739"}],"version-history":[{"count":1,"href":"https:\/\/old.b2com.africa\/index.php\/wp-json\/wp\/v2\/product\/5739\/revisions"}],"predecessor-version":[{"id":5742,"href":"https:\/\/old.b2com.africa\/index.php\/wp-json\/wp\/v2\/product\/5739\/revisions\/5742"}],"wp:featuredmedia":[{"embeddable":true,"href":"https:\/\/old.b2com.africa\/index.php\/wp-json\/wp\/v2\/media\/5740"}],"wp:attachment":[{"href":"https:\/\/old.b2com.africa\/index.php\/wp-json\/wp\/v2\/media?parent=5739"}],"wp:term":[{"taxonomy":"product_cat","embeddable":true,"href":"https:\/\/old.b2com.africa\/index.php\/wp-json\/wp\/v2\/product_cat?post=5739"},{"taxonomy":"product_tag","embeddable":true,"href":"https:\/\/old.b2com.africa\/index.php\/wp-json\/wp\/v2\/product_tag?post=5739"}],"curies":[{"name":"wp","href":"https:\/\/api.w.org\/{rel}","templated":true}]}}