{"id":5733,"date":"2023-08-08T01:02:25","date_gmt":"2023-08-07T23:02:25","guid":{"rendered":"https:\/\/old.b2com.africa\/?post_type=product&#038;p=5733"},"modified":"2023-08-08T01:03:28","modified_gmt":"2023-08-07T23:03:28","slug":"bloc-notes-avec-couverture-rigide","status":"publish","type":"product","link":"https:\/\/old.b2com.africa\/index.php\/product\/bloc-notes-avec-couverture-rigide\/","title":{"rendered":"Bloc-notes avec couverture cartonn\u00e9"},"content":{"rendered":"<p>Pour votre documentation professionnelle, procurez-vous des brochures dos carr\u00e9 coll\u00e9 avec couverture rigide, r\u00e9sistante et stable avec un aspect visuel de haute qualit\u00e9.<\/p>\n<p>Pour l\u2019impression, de nombreuses options sont disponibles pour obtenir un catalogue personnalis\u00e9 et sur-mesure.<\/p>\n<p>Cette reliure est donc recommand\u00e9e pour les livres expos\u00e9s pendant une longue p\u00e9riode \u00e0 une utilisation quotidienne.<\/p>\n","protected":false},"excerpt":{"rendered":"<h1 class=\"title-small\">Imprimez votre bloc-notes avec reliure spirale sous un couverture rigide<\/h1>\n","protected":false},"author":5,"featured_media":5734,"comment_status":"open","ping_status":"closed","template":"","meta":{"content-type":""},"product_cat":[86,64,71],"product_tag":[],"_links":{"self":[{"href":"https:\/\/old.b2com.africa\/index.php\/wp-json\/wp\/v2\/product\/5733"}],"collection":[{"href":"https:\/\/old.b2com.africa\/index.php\/wp-json\/wp\/v2\/product"}],"about":[{"href":"https:\/\/old.b2com.africa\/index.php\/wp-json\/wp\/v2\/types\/product"}],"author":[{"embeddable":true,"href":"https:\/\/old.b2com.africa\/index.php\/wp-json\/wp\/v2\/users\/5"}],"replies":[{"embeddable":true,"href":"https:\/\/old.b2com.africa\/index.php\/wp-json\/wp\/v2\/comments?post=5733"}],"version-history":[{"count":2,"href":"https:\/\/old.b2com.africa\/index.php\/wp-json\/wp\/v2\/product\/5733\/revisions"}],"predecessor-version":[{"id":5736,"href":"https:\/\/old.b2com.africa\/index.php\/wp-json\/wp\/v2\/product\/5733\/revisions\/5736"}],"wp:featuredmedia":[{"embeddable":true,"href":"https:\/\/old.b2com.africa\/index.php\/wp-json\/wp\/v2\/media\/5734"}],"wp:attachment":[{"href":"https:\/\/old.b2com.africa\/index.php\/wp-json\/wp\/v2\/media?parent=5733"}],"wp:term":[{"taxonomy":"product_cat","embeddable":true,"href":"https:\/\/old.b2com.africa\/index.php\/wp-json\/wp\/v2\/product_cat?post=5733"},{"taxonomy":"product_tag","embeddable":true,"href":"https:\/\/old.b2com.africa\/index.php\/wp-json\/wp\/v2\/product_tag?post=5733"}],"curies":[{"name":"wp","href":"https:\/\/api.w.org\/{rel}","templated":true}]}}