{"id":5707,"date":"2023-08-07T22:32:08","date_gmt":"2023-08-07T20:32:08","guid":{"rendered":"https:\/\/old.b2com.africa\/?post_type=product&#038;p=5707"},"modified":"2023-08-08T01:05:05","modified_gmt":"2023-08-07T23:05:05","slug":"blocs-notes-a-spirales-2","status":"publish","type":"product","link":"https:\/\/old.b2com.africa\/index.php\/product\/blocs-notes-a-spirales-2\/","title":{"rendered":"Blocs-notes \u00e0 spirales avec couverture rigide"},"content":{"rendered":"<p>Misez sur ce bloc-notes imprim\u00e9, une fourniture de bureau toujours tr\u00e8s appr\u00e9ci\u00e9e car l\u00e9g\u00e8re et peu encombrante pour prendre des notes rapides, faire une to do list ou effectuer un relev\u00e9 de donn\u00e9es.<\/p>\n<p>Facile \u00e0 manier gr\u00e2ce aux spirales, il s&#8217;agit du cadeau publicitaire utile par excellence.<\/p>\n<p>A offrir sans mod\u00e9ration \u00e0 vos clients, partenaires et collaborateurs !<\/p>\n","protected":false},"excerpt":{"rendered":"<h1 class=\"title-small\">Optez pour le bloc-notes \u00e0 spirale personnalis\u00e9 : 100% efficace<\/h1>\n","protected":false},"author":5,"featured_media":5731,"comment_status":"open","ping_status":"closed","template":"","meta":{"content-type":""},"product_cat":[86,64,71],"product_tag":[],"_links":{"self":[{"href":"https:\/\/old.b2com.africa\/index.php\/wp-json\/wp\/v2\/product\/5707"}],"collection":[{"href":"https:\/\/old.b2com.africa\/index.php\/wp-json\/wp\/v2\/product"}],"about":[{"href":"https:\/\/old.b2com.africa\/index.php\/wp-json\/wp\/v2\/types\/product"}],"author":[{"embeddable":true,"href":"https:\/\/old.b2com.africa\/index.php\/wp-json\/wp\/v2\/users\/5"}],"replies":[{"embeddable":true,"href":"https:\/\/old.b2com.africa\/index.php\/wp-json\/wp\/v2\/comments?post=5707"}],"version-history":[{"count":3,"href":"https:\/\/old.b2com.africa\/index.php\/wp-json\/wp\/v2\/product\/5707\/revisions"}],"predecessor-version":[{"id":5738,"href":"https:\/\/old.b2com.africa\/index.php\/wp-json\/wp\/v2\/product\/5707\/revisions\/5738"}],"wp:featuredmedia":[{"embeddable":true,"href":"https:\/\/old.b2com.africa\/index.php\/wp-json\/wp\/v2\/media\/5731"}],"wp:attachment":[{"href":"https:\/\/old.b2com.africa\/index.php\/wp-json\/wp\/v2\/media?parent=5707"}],"wp:term":[{"taxonomy":"product_cat","embeddable":true,"href":"https:\/\/old.b2com.africa\/index.php\/wp-json\/wp\/v2\/product_cat?post=5707"},{"taxonomy":"product_tag","embeddable":true,"href":"https:\/\/old.b2com.africa\/index.php\/wp-json\/wp\/v2\/product_tag?post=5707"}],"curies":[{"name":"wp","href":"https:\/\/api.w.org\/{rel}","templated":true}]}}