{"id":5694,"date":"2023-08-06T02:31:14","date_gmt":"2023-08-06T00:31:14","guid":{"rendered":"https:\/\/old.b2com.africa\/?post_type=product&#038;p=5694"},"modified":"2023-08-06T02:35:09","modified_gmt":"2023-08-06T00:35:09","slug":"calendrier-sous-mains","status":"publish","type":"product","link":"https:\/\/old.b2com.africa\/index.php\/product\/calendrier-sous-mains\/","title":{"rendered":"Calendriers Sous-mains"},"content":{"rendered":"<p>V\u00e9hiculez l&#8217;image de votre marque gr\u00e2ce au calendrier sous main personnalis\u00e9 !<\/p>\n<p>Alliant robustesse et facilit\u00e9 d&#8217;\u00e9criture, c\u2019est le cadeau entreprise parfait pour que vos clients aient toujours un oeil sur vous.<\/p>\n<p>Ce support marketing imprim\u00e9 aux couleurs de votre marque renforcera \u00e9galement le sentiment d\u2019appartenance pour vos collaborateurs.<\/p>\n<h3>Confiez-nous l&#8217;impression de votre calendrier sous-main personnalis\u00e9 :<\/h3>\n<ul>\n<li>\u00a0Choisissez le format dont vous avez besoin : A2 ou A3<\/li>\n<li>\u00a0Votre calendrier sous-main peut contenir 25 ou 50 feuillets<\/li>\n<li>\u00a0Impression \u00e9cologique respectueuse de l&#8217;environnement<\/li>\n<li>\u00a0Livraison rapide &amp; gratuite<\/li>\n<\/ul>\n<p>Agr\u00e9mentez votre entreprise avec un calendrier sous-main<\/p>\n","protected":false},"excerpt":{"rendered":"<h1 class=\"title-small\">Restez en contact avec vos clients avec un calendrier sous-main<\/h1>\n","protected":false},"author":5,"featured_media":5695,"comment_status":"open","ping_status":"closed","template":"","meta":{"content-type":""},"product_cat":[96,64,72],"product_tag":[],"_links":{"self":[{"href":"https:\/\/old.b2com.africa\/index.php\/wp-json\/wp\/v2\/product\/5694"}],"collection":[{"href":"https:\/\/old.b2com.africa\/index.php\/wp-json\/wp\/v2\/product"}],"about":[{"href":"https:\/\/old.b2com.africa\/index.php\/wp-json\/wp\/v2\/types\/product"}],"author":[{"embeddable":true,"href":"https:\/\/old.b2com.africa\/index.php\/wp-json\/wp\/v2\/users\/5"}],"replies":[{"embeddable":true,"href":"https:\/\/old.b2com.africa\/index.php\/wp-json\/wp\/v2\/comments?post=5694"}],"version-history":[{"count":2,"href":"https:\/\/old.b2com.africa\/index.php\/wp-json\/wp\/v2\/product\/5694\/revisions"}],"predecessor-version":[{"id":5701,"href":"https:\/\/old.b2com.africa\/index.php\/wp-json\/wp\/v2\/product\/5694\/revisions\/5701"}],"wp:featuredmedia":[{"embeddable":true,"href":"https:\/\/old.b2com.africa\/index.php\/wp-json\/wp\/v2\/media\/5695"}],"wp:attachment":[{"href":"https:\/\/old.b2com.africa\/index.php\/wp-json\/wp\/v2\/media?parent=5694"}],"wp:term":[{"taxonomy":"product_cat","embeddable":true,"href":"https:\/\/old.b2com.africa\/index.php\/wp-json\/wp\/v2\/product_cat?post=5694"},{"taxonomy":"product_tag","embeddable":true,"href":"https:\/\/old.b2com.africa\/index.php\/wp-json\/wp\/v2\/product_tag?post=5694"}],"curies":[{"name":"wp","href":"https:\/\/api.w.org\/{rel}","templated":true}]}}