{"id":5689,"date":"2023-08-06T01:47:50","date_gmt":"2023-08-05T23:47:50","guid":{"rendered":"https:\/\/old.b2com.africa\/?post_type=product&#038;p=5689"},"modified":"2023-08-06T01:47:50","modified_gmt":"2023-08-05T23:47:50","slug":"calendriers-muraux","status":"publish","type":"product","link":"https:\/\/old.b2com.africa\/index.php\/product\/calendriers-muraux\/","title":{"rendered":"Calendriers muraux"},"content":{"rendered":"<p>Faites d\u2019une pierre deux coups ! Offrez \u00e0 vos collaborateurs une fourniture de bureau utile et esth\u00e9tique gr\u00e2ce au calendrier \u00e0 spirale sp\u00e9cial mur.<\/p>\n<p>Le calendrier spirale personnalis\u00e9 aux couleurs de votre marque, avec des photos de vos produits ou simplement avec un message, est id\u00e9al pour orner les murs et rester dans l\u2019esprit de vos clients toute l\u2019ann\u00e9e !<\/p>\n<p>La fin de l\u2019ann\u00e9e est un moment privil\u00e9gi\u00e9 pour offrir \u00e0 vos clients et partenaires des cadeaux publicitaires. Cependant, un goodies efficace et impactant est un objet publicitaire qui est utilis\u00e9. Quoi de mieux qu\u2019un calendrier mural personnalis\u00e9 pour afficher l\u2019identit\u00e9 visuelle de votre entreprise sur tous les murs ?<\/p>\n<p>En effet, un calendrier mural est un support de communication pratique au quotidien et son effet d\u00e9coratif est ind\u00e9niable en faisant le cadeau marketing de fin d\u2019ann\u00e9e parfait.<\/p>\n<p>&nbsp;<\/p>\n","protected":false},"excerpt":{"rendered":"<h1 class=\"title-small\">Misez sur le calendrier mural : pratique et d\u00e9coratif jour apr\u00e8s jour<\/h1>\n","protected":false},"author":5,"featured_media":5255,"comment_status":"open","ping_status":"closed","template":"","meta":{"content-type":""},"product_cat":[96,64,72],"product_tag":[],"_links":{"self":[{"href":"https:\/\/old.b2com.africa\/index.php\/wp-json\/wp\/v2\/product\/5689"}],"collection":[{"href":"https:\/\/old.b2com.africa\/index.php\/wp-json\/wp\/v2\/product"}],"about":[{"href":"https:\/\/old.b2com.africa\/index.php\/wp-json\/wp\/v2\/types\/product"}],"author":[{"embeddable":true,"href":"https:\/\/old.b2com.africa\/index.php\/wp-json\/wp\/v2\/users\/5"}],"replies":[{"embeddable":true,"href":"https:\/\/old.b2com.africa\/index.php\/wp-json\/wp\/v2\/comments?post=5689"}],"version-history":[{"count":1,"href":"https:\/\/old.b2com.africa\/index.php\/wp-json\/wp\/v2\/product\/5689\/revisions"}],"predecessor-version":[{"id":5693,"href":"https:\/\/old.b2com.africa\/index.php\/wp-json\/wp\/v2\/product\/5689\/revisions\/5693"}],"wp:featuredmedia":[{"embeddable":true,"href":"https:\/\/old.b2com.africa\/index.php\/wp-json\/wp\/v2\/media\/5255"}],"wp:attachment":[{"href":"https:\/\/old.b2com.africa\/index.php\/wp-json\/wp\/v2\/media?parent=5689"}],"wp:term":[{"taxonomy":"product_cat","embeddable":true,"href":"https:\/\/old.b2com.africa\/index.php\/wp-json\/wp\/v2\/product_cat?post=5689"},{"taxonomy":"product_tag","embeddable":true,"href":"https:\/\/old.b2com.africa\/index.php\/wp-json\/wp\/v2\/product_tag?post=5689"}],"curies":[{"name":"wp","href":"https:\/\/api.w.org\/{rel}","templated":true}]}}