{"id":5632,"date":"2023-08-05T23:54:40","date_gmt":"2023-08-05T21:54:40","guid":{"rendered":"https:\/\/old.b2com.africa\/?post_type=product&#038;p=5632"},"modified":"2023-08-06T02:35:52","modified_gmt":"2023-08-06T00:35:52","slug":"calendrier-bancaire","status":"publish","type":"product","link":"https:\/\/old.b2com.africa\/index.php\/product\/calendrier-bancaire\/","title":{"rendered":"Calendriers bancaires"},"content":{"rendered":"<p>100% personnalisable \u00e0 votre image, le calendrier bancaire peut \u00eatre souple comme lourd, il est id\u00e9al pour rester dans l\u2019esprit de vos clients toute l\u2019ann\u00e9e !<\/p>\n<p>Choisissez un calendrier publicitaire bancaire pour que vos clients ne vous l\u00e2chent plus des yeux de l\u2019ann\u00e9e !<\/p>\n<p>Profitez ainsi d\u2019un excellent rendu des couleurs gr\u00e2ce \u00e0 son impression Quadri sur papier couch\u00e9 demi-mat !<\/p>\n<p>Calendrier publicitaire bancaire sur format (A3) (A2) et du (53 x 39 cm) 12 mois 2 faces : au recto 6 mois de Janvier 2024 \u00e0 juin 2024 et au verso 6 mois de juillet 2024 \u00e0\u00a0 d\u00e9cembre 2024, ou sur 1 seule face avec l&#8217;affichage des 12 mois .<\/p>\n<p>Vous pouvez l\u2019ajouter au devis et\/ou le commander, nous int\u00e9grerons votre logo, vos photos ou images et votre message publicitaire suivant votre charte graphique !<\/p>\n","protected":false},"excerpt":{"rendered":"<h1 class=\"title-small\">Communiquez au quotidien avec un calendrier bancaire personnalis\u00e9<\/h1>\n","protected":false},"author":5,"featured_media":5635,"comment_status":"open","ping_status":"closed","template":"","meta":{"content-type":""},"product_cat":[96,64,72],"product_tag":[],"_links":{"self":[{"href":"https:\/\/old.b2com.africa\/index.php\/wp-json\/wp\/v2\/product\/5632"}],"collection":[{"href":"https:\/\/old.b2com.africa\/index.php\/wp-json\/wp\/v2\/product"}],"about":[{"href":"https:\/\/old.b2com.africa\/index.php\/wp-json\/wp\/v2\/types\/product"}],"author":[{"embeddable":true,"href":"https:\/\/old.b2com.africa\/index.php\/wp-json\/wp\/v2\/users\/5"}],"replies":[{"embeddable":true,"href":"https:\/\/old.b2com.africa\/index.php\/wp-json\/wp\/v2\/comments?post=5632"}],"version-history":[{"count":5,"href":"https:\/\/old.b2com.africa\/index.php\/wp-json\/wp\/v2\/product\/5632\/revisions"}],"predecessor-version":[{"id":5702,"href":"https:\/\/old.b2com.africa\/index.php\/wp-json\/wp\/v2\/product\/5632\/revisions\/5702"}],"wp:featuredmedia":[{"embeddable":true,"href":"https:\/\/old.b2com.africa\/index.php\/wp-json\/wp\/v2\/media\/5635"}],"wp:attachment":[{"href":"https:\/\/old.b2com.africa\/index.php\/wp-json\/wp\/v2\/media?parent=5632"}],"wp:term":[{"taxonomy":"product_cat","embeddable":true,"href":"https:\/\/old.b2com.africa\/index.php\/wp-json\/wp\/v2\/product_cat?post=5632"},{"taxonomy":"product_tag","embeddable":true,"href":"https:\/\/old.b2com.africa\/index.php\/wp-json\/wp\/v2\/product_tag?post=5632"}],"curies":[{"name":"wp","href":"https:\/\/api.w.org\/{rel}","templated":true}]}}