{"id":5575,"date":"2023-08-04T12:57:59","date_gmt":"2023-08-04T10:57:59","guid":{"rendered":"https:\/\/old.b2com.africa\/?post_type=product&#038;p=5575"},"modified":"2023-08-06T02:37:22","modified_gmt":"2023-08-06T00:37:22","slug":"calendriers-chevalets-spirales","status":"publish","type":"product","link":"https:\/\/old.b2com.africa\/index.php\/product\/calendriers-chevalets-spirales\/","title":{"rendered":"Calendrier chevalets spirales"},"content":{"rendered":"<p>Soyez pr\u00eat pour la nouvelle ann\u00e9e gr\u00e2ce \u00e0 des calendriers publicitaires \u00e0 spirale !<\/p>\n<p>Optez pour un chevalet de bureau publicitaire pour communiquer sur votre entreprise tout en offrant un cadeau d\u2019entreprise utile \u00e0 vos clients.<\/p>\n<p>C&#8217;est l\u2019objet publicitaire parfait pour d\u00e9corer les bureaux chez vos clients. Diff\u00e9rents formats disponibles !<\/p>\n","protected":false},"excerpt":{"rendered":"<h1 class=\"title-small\">Optez pour un calendrier chevalet personnalis\u00e9 : visibilit\u00e9 unique<\/h1>\n","protected":false},"author":5,"featured_media":5254,"comment_status":"open","ping_status":"closed","template":"","meta":{"content-type":""},"product_cat":[96,64,72],"product_tag":[],"_links":{"self":[{"href":"https:\/\/old.b2com.africa\/index.php\/wp-json\/wp\/v2\/product\/5575"}],"collection":[{"href":"https:\/\/old.b2com.africa\/index.php\/wp-json\/wp\/v2\/product"}],"about":[{"href":"https:\/\/old.b2com.africa\/index.php\/wp-json\/wp\/v2\/types\/product"}],"author":[{"embeddable":true,"href":"https:\/\/old.b2com.africa\/index.php\/wp-json\/wp\/v2\/users\/5"}],"replies":[{"embeddable":true,"href":"https:\/\/old.b2com.africa\/index.php\/wp-json\/wp\/v2\/comments?post=5575"}],"version-history":[{"count":2,"href":"https:\/\/old.b2com.africa\/index.php\/wp-json\/wp\/v2\/product\/5575\/revisions"}],"predecessor-version":[{"id":5705,"href":"https:\/\/old.b2com.africa\/index.php\/wp-json\/wp\/v2\/product\/5575\/revisions\/5705"}],"wp:featuredmedia":[{"embeddable":true,"href":"https:\/\/old.b2com.africa\/index.php\/wp-json\/wp\/v2\/media\/5254"}],"wp:attachment":[{"href":"https:\/\/old.b2com.africa\/index.php\/wp-json\/wp\/v2\/media?parent=5575"}],"wp:term":[{"taxonomy":"product_cat","embeddable":true,"href":"https:\/\/old.b2com.africa\/index.php\/wp-json\/wp\/v2\/product_cat?post=5575"},{"taxonomy":"product_tag","embeddable":true,"href":"https:\/\/old.b2com.africa\/index.php\/wp-json\/wp\/v2\/product_tag?post=5575"}],"curies":[{"name":"wp","href":"https:\/\/api.w.org\/{rel}","templated":true}]}}