{"id":5573,"date":"2023-08-04T12:28:43","date_gmt":"2023-08-04T10:28:43","guid":{"rendered":"https:\/\/old.b2com.africa\/?post_type=product&#038;p=5573"},"modified":"2023-08-04T13:15:38","modified_gmt":"2023-08-04T11:15:38","slug":"calendriers-de-poche","status":"publish","type":"product","link":"https:\/\/old.b2com.africa\/index.php\/product\/calendriers-de-poche\/","title":{"rendered":"Calendriers de poche"},"content":{"rendered":"<p>Faites d\u2019une pierre deux coups en offrant un calendrier de poche personnalis\u00e9 utile, esth\u00e9tique et pratique \u00e0 votre client\u00e8le qui communiquera en plus sur votre marque !<\/p>\n<p>Comme son nom l\u2019indique, celui-ci tient ais\u00e9ment dans une poche de chemise, de pantalon, de veste ou encore dans un portefeuille ou sac \u00e0 main !<\/p>\n<p>De plus, gr\u00e2ce aux deux volets du calendrier publicitaire de poche, vous avez la possibilit\u00e9 de le personnaliser aux couleurs de votre entreprise avec votre logo ou d\u2019ajouter la photo d\u2019un de vos produits phares afin de le mettre en valeur.<\/p>\n","protected":false},"excerpt":{"rendered":"<h1 class=\"title-small\">Le calendrier de poche personnalis\u00e9 : cadeau compact &amp; pratique<\/h1>\n","protected":false},"author":5,"featured_media":5262,"comment_status":"open","ping_status":"closed","template":"","meta":{"content-type":""},"product_cat":[96,64,72],"product_tag":[],"_links":{"self":[{"href":"https:\/\/old.b2com.africa\/index.php\/wp-json\/wp\/v2\/product\/5573"}],"collection":[{"href":"https:\/\/old.b2com.africa\/index.php\/wp-json\/wp\/v2\/product"}],"about":[{"href":"https:\/\/old.b2com.africa\/index.php\/wp-json\/wp\/v2\/types\/product"}],"author":[{"embeddable":true,"href":"https:\/\/old.b2com.africa\/index.php\/wp-json\/wp\/v2\/users\/5"}],"replies":[{"embeddable":true,"href":"https:\/\/old.b2com.africa\/index.php\/wp-json\/wp\/v2\/comments?post=5573"}],"version-history":[{"count":1,"href":"https:\/\/old.b2com.africa\/index.php\/wp-json\/wp\/v2\/product\/5573\/revisions"}],"predecessor-version":[{"id":5574,"href":"https:\/\/old.b2com.africa\/index.php\/wp-json\/wp\/v2\/product\/5573\/revisions\/5574"}],"wp:featuredmedia":[{"embeddable":true,"href":"https:\/\/old.b2com.africa\/index.php\/wp-json\/wp\/v2\/media\/5262"}],"wp:attachment":[{"href":"https:\/\/old.b2com.africa\/index.php\/wp-json\/wp\/v2\/media?parent=5573"}],"wp:term":[{"taxonomy":"product_cat","embeddable":true,"href":"https:\/\/old.b2com.africa\/index.php\/wp-json\/wp\/v2\/product_cat?post=5573"},{"taxonomy":"product_tag","embeddable":true,"href":"https:\/\/old.b2com.africa\/index.php\/wp-json\/wp\/v2\/product_tag?post=5573"}],"curies":[{"name":"wp","href":"https:\/\/api.w.org\/{rel}","templated":true}]}}