{"id":5515,"date":"2023-08-04T12:09:29","date_gmt":"2023-08-04T10:09:29","guid":{"rendered":"https:\/\/old.b2com.africa\/?post_type=product&#038;p=5515"},"modified":"2023-08-04T12:09:29","modified_gmt":"2023-08-04T10:09:29","slug":"boites-coulissantes","status":"publish","type":"product","link":"https:\/\/old.b2com.africa\/index.php\/product\/boites-coulissantes\/","title":{"rendered":"Bo\u00eetes coulissantes"},"content":{"rendered":"<p>Vous \u00eates \u00e0 la recherche d&#8217;un emballage en carton original pour mettre en valeur vos produits ?<\/p>\n<p>D\u00e9couvrez nos bo\u00eetes en carton rectangulaires avec gaine amovible, \u00e0 destination des professionnels.<\/p>\n<p>Parfaites en packaging produit, elles pourront aussi \u00eatre utilis\u00e9es comme emballage cadeau professionnel.<\/p>\n<p>Son syst\u00e8me de gaine coulissante est particuli\u00e8rement adapt\u00e9 pour pr\u00e9senter un parfum, des montres, ou autres petits objets de luxe, si vous choisissez la bo\u00eete en petit format personnalis\u00e9.<\/p>\n<p>En dimension plus importante, ce packaging se transformera ais\u00e9ment en coffret carton pour le pr\u00eat-\u00e0-porter.<\/p>\n","protected":false},"excerpt":{"rendered":"<h1 class=\"title-small\">Misez sur un bel \u00e9crin : la bo\u00eete coulissante personnalis\u00e9e<\/h1>\n","protected":false},"author":5,"featured_media":5394,"comment_status":"open","ping_status":"closed","template":"","meta":{"content-type":""},"product_cat":[64,72,97],"product_tag":[],"_links":{"self":[{"href":"https:\/\/old.b2com.africa\/index.php\/wp-json\/wp\/v2\/product\/5515"}],"collection":[{"href":"https:\/\/old.b2com.africa\/index.php\/wp-json\/wp\/v2\/product"}],"about":[{"href":"https:\/\/old.b2com.africa\/index.php\/wp-json\/wp\/v2\/types\/product"}],"author":[{"embeddable":true,"href":"https:\/\/old.b2com.africa\/index.php\/wp-json\/wp\/v2\/users\/5"}],"replies":[{"embeddable":true,"href":"https:\/\/old.b2com.africa\/index.php\/wp-json\/wp\/v2\/comments?post=5515"}],"version-history":[{"count":1,"href":"https:\/\/old.b2com.africa\/index.php\/wp-json\/wp\/v2\/product\/5515\/revisions"}],"predecessor-version":[{"id":5569,"href":"https:\/\/old.b2com.africa\/index.php\/wp-json\/wp\/v2\/product\/5515\/revisions\/5569"}],"wp:featuredmedia":[{"embeddable":true,"href":"https:\/\/old.b2com.africa\/index.php\/wp-json\/wp\/v2\/media\/5394"}],"wp:attachment":[{"href":"https:\/\/old.b2com.africa\/index.php\/wp-json\/wp\/v2\/media?parent=5515"}],"wp:term":[{"taxonomy":"product_cat","embeddable":true,"href":"https:\/\/old.b2com.africa\/index.php\/wp-json\/wp\/v2\/product_cat?post=5515"},{"taxonomy":"product_tag","embeddable":true,"href":"https:\/\/old.b2com.africa\/index.php\/wp-json\/wp\/v2\/product_tag?post=5515"}],"curies":[{"name":"wp","href":"https:\/\/api.w.org\/{rel}","templated":true}]}}