{"id":5481,"date":"2023-08-04T00:11:32","date_gmt":"2023-08-03T22:11:32","guid":{"rendered":"https:\/\/old.b2com.africa\/?post_type=product&#038;p=5481"},"modified":"2023-08-04T00:21:16","modified_gmt":"2023-08-03T22:21:16","slug":"papiers-a-en-tetes","status":"publish","type":"product","link":"https:\/\/old.b2com.africa\/index.php\/product\/papiers-a-en-tetes\/","title":{"rendered":"Papiers \u00e0 en-t\u00eates"},"content":{"rendered":"<p>Imprimez vos papiers \u00e0 en-t\u00eate personnalis\u00e9s avec votre logo et vos coordonn\u00e9es afin de leur donner du style tout en d\u00e9livrant des informations claires et pr\u00e9cises pour votre destinataire.<\/p>\n<p>Le papier \u00e0 en-t\u00eate d\u2019entreprise vous permettra de r\u00e9aliser des devis, factures, courriers d\u2019ordre administratif ou commercial qui porteront le logo de votre soci\u00e9t\u00e9.<\/p>\n<p>De plus, vous pouvez choisir un papier recycl\u00e9 pour votre papier \u00e0 lettre personnalis\u00e9 afin de pr\u00e9server l\u2019environnement et communiquer sur votre c\u00f4t\u00e9 \u00e9coresponsable aupr\u00e8s de vos collaborateurs !<\/p>\n","protected":false},"excerpt":{"rendered":"<h1 class=\"title-small\">Papier en-t\u00eate pour entreprise &#8211; Impression papier \u00e0 lettre<\/h1>\n","protected":false},"author":5,"featured_media":5375,"comment_status":"open","ping_status":"closed","template":"","meta":{"content-type":""},"product_cat":[64,71,90],"product_tag":[],"_links":{"self":[{"href":"https:\/\/old.b2com.africa\/index.php\/wp-json\/wp\/v2\/product\/5481"}],"collection":[{"href":"https:\/\/old.b2com.africa\/index.php\/wp-json\/wp\/v2\/product"}],"about":[{"href":"https:\/\/old.b2com.africa\/index.php\/wp-json\/wp\/v2\/types\/product"}],"author":[{"embeddable":true,"href":"https:\/\/old.b2com.africa\/index.php\/wp-json\/wp\/v2\/users\/5"}],"replies":[{"embeddable":true,"href":"https:\/\/old.b2com.africa\/index.php\/wp-json\/wp\/v2\/comments?post=5481"}],"version-history":[{"count":1,"href":"https:\/\/old.b2com.africa\/index.php\/wp-json\/wp\/v2\/product\/5481\/revisions"}],"predecessor-version":[{"id":5482,"href":"https:\/\/old.b2com.africa\/index.php\/wp-json\/wp\/v2\/product\/5481\/revisions\/5482"}],"wp:featuredmedia":[{"embeddable":true,"href":"https:\/\/old.b2com.africa\/index.php\/wp-json\/wp\/v2\/media\/5375"}],"wp:attachment":[{"href":"https:\/\/old.b2com.africa\/index.php\/wp-json\/wp\/v2\/media?parent=5481"}],"wp:term":[{"taxonomy":"product_cat","embeddable":true,"href":"https:\/\/old.b2com.africa\/index.php\/wp-json\/wp\/v2\/product_cat?post=5481"},{"taxonomy":"product_tag","embeddable":true,"href":"https:\/\/old.b2com.africa\/index.php\/wp-json\/wp\/v2\/product_tag?post=5481"}],"curies":[{"name":"wp","href":"https:\/\/api.w.org\/{rel}","templated":true}]}}