{"id":5475,"date":"2023-08-03T22:08:45","date_gmt":"2023-08-03T20:08:45","guid":{"rendered":"https:\/\/old.b2com.africa\/?post_type=product&#038;p=5475"},"modified":"2023-08-03T22:11:00","modified_gmt":"2023-08-03T20:11:00","slug":"etiquettes-en-rouleau-pour-lait-et-boissons","status":"publish","type":"product","link":"https:\/\/old.b2com.africa\/index.php\/product\/etiquettes-en-rouleau-pour-lait-et-boissons\/","title":{"rendered":"\u00c9tiquettes en rouleau pour Lait et boissons"},"content":{"rendered":"<p>Sublimez vos bouteilles de vins et mettez en avant vos produits gr\u00e2ce aux \u00e9tiquettes en rouleau pour vins et boissons originales et de qualit\u00e9.<\/p>\n<p>Ce support de communication r\u00e9sistant \u00e0 l\u2019eau et imprim\u00e9 aux couleurs de votre marque apportera des informations sur le produit et permettra de vous d\u00e9marquer dans les rayons des magasins.<\/p>\n<p>Vous pouvez opter pour des \u00e9tiquettes pour emballages alimentaires et\/ou boissons modernes ou avec un design original et audacieux. Divers supports, formes et finitions sp\u00e9ciales disponibles.<\/p>\n","protected":false},"excerpt":{"rendered":"<h1 class=\"title-small\">Impression \u00c9tiquettes Bouteille &#8211; Etiquettes Autocollantes<\/h1>\n","protected":false},"author":5,"featured_media":5387,"comment_status":"open","ping_status":"closed","template":"","meta":{"content-type":""},"product_cat":[64,72,97],"product_tag":[],"_links":{"self":[{"href":"https:\/\/old.b2com.africa\/index.php\/wp-json\/wp\/v2\/product\/5475"}],"collection":[{"href":"https:\/\/old.b2com.africa\/index.php\/wp-json\/wp\/v2\/product"}],"about":[{"href":"https:\/\/old.b2com.africa\/index.php\/wp-json\/wp\/v2\/types\/product"}],"author":[{"embeddable":true,"href":"https:\/\/old.b2com.africa\/index.php\/wp-json\/wp\/v2\/users\/5"}],"replies":[{"embeddable":true,"href":"https:\/\/old.b2com.africa\/index.php\/wp-json\/wp\/v2\/comments?post=5475"}],"version-history":[{"count":1,"href":"https:\/\/old.b2com.africa\/index.php\/wp-json\/wp\/v2\/product\/5475\/revisions"}],"predecessor-version":[{"id":5476,"href":"https:\/\/old.b2com.africa\/index.php\/wp-json\/wp\/v2\/product\/5475\/revisions\/5476"}],"wp:featuredmedia":[{"embeddable":true,"href":"https:\/\/old.b2com.africa\/index.php\/wp-json\/wp\/v2\/media\/5387"}],"wp:attachment":[{"href":"https:\/\/old.b2com.africa\/index.php\/wp-json\/wp\/v2\/media?parent=5475"}],"wp:term":[{"taxonomy":"product_cat","embeddable":true,"href":"https:\/\/old.b2com.africa\/index.php\/wp-json\/wp\/v2\/product_cat?post=5475"},{"taxonomy":"product_tag","embeddable":true,"href":"https:\/\/old.b2com.africa\/index.php\/wp-json\/wp\/v2\/product_tag?post=5475"}],"curies":[{"name":"wp","href":"https:\/\/api.w.org\/{rel}","templated":true}]}}