{"id":5469,"date":"2023-08-03T21:40:31","date_gmt":"2023-08-03T19:40:31","guid":{"rendered":"https:\/\/old.b2com.africa\/?post_type=product&#038;p=5469"},"modified":"2023-08-27T00:13:00","modified_gmt":"2023-08-26T22:13:00","slug":"sac-kraft-standard","status":"publish","type":"product","link":"https:\/\/old.b2com.africa\/index.php\/product\/sac-kraft-standard\/","title":{"rendered":"Sac kraft standard"},"content":{"rendered":"<p>Attirez l\u2019attention avec le sac kraft personnalis\u00e9 standard !<\/p>\n<p>Ce sac papier kraft publicitaire est une id\u00e9e originale et \u00e9conomique pour mettre en valeur votre marque. Offert en cadeau d&#8217;entreprise, il permet de diffuser votre logo simplement, gr\u00e2ce \u00e0 vos clients et collaborateurs.<\/p>\n<p>Apportez votre touche personnelle \u00e0 ce sac en papier promotionnel : que ce soit votre logo, une image, du texte, une citation\u2026 Faites en sorte de marquer les esprits, il s&#8217;agit de l&#8217;accessoire qui diffusera de fa\u00e7on homog\u00e8ne et simple l&#8217;image de votre entreprise !<\/p>\n<p>7 tailles disponibles en fond \u00e9troit 8 tailles en fond large et de nombreuses couleurs \u00e0 votre disposition.<\/p>\n","protected":false},"excerpt":{"rendered":"<p>Attirez l\u2019attention avec le sac kraft personnalis\u00e9 standard ! Ce sac papier kraft publicitaire est une id\u00e9e originale et \u00e9conomique pour mettre en valeur votre marque. Offert en cadeau d&#8217;entreprise, il permet de diffuser votre logo simplement, gr\u00e2ce \u00e0 vos clients et collaborateurs. Apportez votre touche personnelle \u00e0 ce sac en papier promotionnel : que [&hellip;]<\/p>\n","protected":false},"author":5,"featured_media":5470,"comment_status":"open","ping_status":"closed","template":"","meta":{"content-type":""},"product_cat":[153,64,72,66,97,335],"product_tag":[],"_links":{"self":[{"href":"https:\/\/old.b2com.africa\/index.php\/wp-json\/wp\/v2\/product\/5469"}],"collection":[{"href":"https:\/\/old.b2com.africa\/index.php\/wp-json\/wp\/v2\/product"}],"about":[{"href":"https:\/\/old.b2com.africa\/index.php\/wp-json\/wp\/v2\/types\/product"}],"author":[{"embeddable":true,"href":"https:\/\/old.b2com.africa\/index.php\/wp-json\/wp\/v2\/users\/5"}],"replies":[{"embeddable":true,"href":"https:\/\/old.b2com.africa\/index.php\/wp-json\/wp\/v2\/comments?post=5469"}],"version-history":[{"count":2,"href":"https:\/\/old.b2com.africa\/index.php\/wp-json\/wp\/v2\/product\/5469\/revisions"}],"predecessor-version":[{"id":5474,"href":"https:\/\/old.b2com.africa\/index.php\/wp-json\/wp\/v2\/product\/5469\/revisions\/5474"}],"wp:featuredmedia":[{"embeddable":true,"href":"https:\/\/old.b2com.africa\/index.php\/wp-json\/wp\/v2\/media\/5470"}],"wp:attachment":[{"href":"https:\/\/old.b2com.africa\/index.php\/wp-json\/wp\/v2\/media?parent=5469"}],"wp:term":[{"taxonomy":"product_cat","embeddable":true,"href":"https:\/\/old.b2com.africa\/index.php\/wp-json\/wp\/v2\/product_cat?post=5469"},{"taxonomy":"product_tag","embeddable":true,"href":"https:\/\/old.b2com.africa\/index.php\/wp-json\/wp\/v2\/product_tag?post=5469"}],"curies":[{"name":"wp","href":"https:\/\/api.w.org\/{rel}","templated":true}]}}