{"id":5202,"date":"2023-07-31T14:06:53","date_gmt":"2023-07-31T12:06:53","guid":{"rendered":"https:\/\/old.b2com.africa\/?post_type=product&#038;p=5202"},"modified":"2025-10-07T20:00:02","modified_gmt":"2025-10-07T18:00:02","slug":"table-pliante-avec-housse-personnalisee","status":"publish","type":"product","link":"https:\/\/old.b2com.africa\/index.php\/product\/table-pliante-avec-housse-personnalisee\/","title":{"rendered":"Table pliante avec housse personnalis\u00e9e"},"content":{"rendered":"<p>Id\u00e9ale pour l&#8217;accueil ou la pr\u00e9sentation de produits en int\u00e9rieur comme en ext\u00e9rieur voir m\u00eame pour un usage priv\u00e9 (mariage, cocktails &#8230;), la table pliante est facile \u00e0 transporter et \u00e0 monter.<\/p>\n<p>Alors, habillez votre mobilier de salon avec une housse personnalis\u00e9e aux couleurs de votre logo et marquez votre diff\u00e9rence gr\u00e2ce \u00e0 un support de communication original !<\/p>\n","protected":false},"excerpt":{"rendered":"<h1 class=\"title-small\">Table avec habillage personnalis\u00e9 pour un accueil professionnel<\/h1>\n","protected":false},"author":5,"featured_media":5203,"comment_status":"open","ping_status":"closed","template":"","meta":{"content-type":""},"product_cat":[162,159,67],"product_tag":[],"_links":{"self":[{"href":"https:\/\/old.b2com.africa\/index.php\/wp-json\/wp\/v2\/product\/5202"}],"collection":[{"href":"https:\/\/old.b2com.africa\/index.php\/wp-json\/wp\/v2\/product"}],"about":[{"href":"https:\/\/old.b2com.africa\/index.php\/wp-json\/wp\/v2\/types\/product"}],"author":[{"embeddable":true,"href":"https:\/\/old.b2com.africa\/index.php\/wp-json\/wp\/v2\/users\/5"}],"replies":[{"embeddable":true,"href":"https:\/\/old.b2com.africa\/index.php\/wp-json\/wp\/v2\/comments?post=5202"}],"version-history":[{"count":2,"href":"https:\/\/old.b2com.africa\/index.php\/wp-json\/wp\/v2\/product\/5202\/revisions"}],"predecessor-version":[{"id":5205,"href":"https:\/\/old.b2com.africa\/index.php\/wp-json\/wp\/v2\/product\/5202\/revisions\/5205"}],"wp:featuredmedia":[{"embeddable":true,"href":"https:\/\/old.b2com.africa\/index.php\/wp-json\/wp\/v2\/media\/5203"}],"wp:attachment":[{"href":"https:\/\/old.b2com.africa\/index.php\/wp-json\/wp\/v2\/media?parent=5202"}],"wp:term":[{"taxonomy":"product_cat","embeddable":true,"href":"https:\/\/old.b2com.africa\/index.php\/wp-json\/wp\/v2\/product_cat?post=5202"},{"taxonomy":"product_tag","embeddable":true,"href":"https:\/\/old.b2com.africa\/index.php\/wp-json\/wp\/v2\/product_tag?post=5202"}],"curies":[{"name":"wp","href":"https:\/\/api.w.org\/{rel}","templated":true}]}}