{"id":5198,"date":"2023-07-31T12:00:40","date_gmt":"2023-07-31T10:00:40","guid":{"rendered":"https:\/\/old.b2com.africa\/?post_type=product&#038;p=5198"},"modified":"2023-07-31T12:01:04","modified_gmt":"2023-07-31T10:01:04","slug":"comptoir-textile-premium-courbe","status":"publish","type":"product","link":"https:\/\/old.b2com.africa\/index.php\/product\/comptoir-textile-premium-courbe\/","title":{"rendered":"Comptoir Textile pr\u00e9mium courb\u00e9"},"content":{"rendered":"<p>Comptoir textile Vector en aluminium de haute qualit\u00e9. Le plus robuste de notre gamme.<\/p>\n<p>Compos\u00e9e d&#8217;une tablette et d&#8217;une \u00e9tag\u00e8re. Disponibles en 3 coloris : noir, bois et blanc<\/p>\n<p>Visuel 100% personnalisable en sublimation textile \u00a0(M1 anti feu norme NF) avec une fixation en Jonc PVC &#8211; Maille standard ou opaque (au choix)<\/p>\n<p>Dimensions du comptoir : Largeur 134 cm x hauteur 101 cm x prof. 54 cm<\/p>\n<p>Production 100% Made In R\u00e9gions : Structure et Visuel.<\/p>\n","protected":false},"excerpt":{"rendered":"<p>Comptoir textile Vector en aluminium de haute qualit\u00e9. Le plus robuste de notre gamme. Compos\u00e9e d&#8217;une tablette et d&#8217;une \u00e9tag\u00e8re. Disponibles en 3 coloris : noir, bois et blanc Visuel 100% personnalisable en sublimation textile \u00a0(M1 anti feu norme NF) avec une fixation en Jonc PVC &#8211; Maille standard ou opaque (au choix) Dimensions du [&hellip;]<\/p>\n","protected":false},"author":5,"featured_media":5199,"comment_status":"open","ping_status":"closed","template":"","meta":{"content-type":""},"product_cat":[162,159,67],"product_tag":[],"_links":{"self":[{"href":"https:\/\/old.b2com.africa\/index.php\/wp-json\/wp\/v2\/product\/5198"}],"collection":[{"href":"https:\/\/old.b2com.africa\/index.php\/wp-json\/wp\/v2\/product"}],"about":[{"href":"https:\/\/old.b2com.africa\/index.php\/wp-json\/wp\/v2\/types\/product"}],"author":[{"embeddable":true,"href":"https:\/\/old.b2com.africa\/index.php\/wp-json\/wp\/v2\/users\/5"}],"replies":[{"embeddable":true,"href":"https:\/\/old.b2com.africa\/index.php\/wp-json\/wp\/v2\/comments?post=5198"}],"version-history":[{"count":1,"href":"https:\/\/old.b2com.africa\/index.php\/wp-json\/wp\/v2\/product\/5198\/revisions"}],"predecessor-version":[{"id":5200,"href":"https:\/\/old.b2com.africa\/index.php\/wp-json\/wp\/v2\/product\/5198\/revisions\/5200"}],"wp:featuredmedia":[{"embeddable":true,"href":"https:\/\/old.b2com.africa\/index.php\/wp-json\/wp\/v2\/media\/5199"}],"wp:attachment":[{"href":"https:\/\/old.b2com.africa\/index.php\/wp-json\/wp\/v2\/media?parent=5198"}],"wp:term":[{"taxonomy":"product_cat","embeddable":true,"href":"https:\/\/old.b2com.africa\/index.php\/wp-json\/wp\/v2\/product_cat?post=5198"},{"taxonomy":"product_tag","embeddable":true,"href":"https:\/\/old.b2com.africa\/index.php\/wp-json\/wp\/v2\/product_tag?post=5198"}],"curies":[{"name":"wp","href":"https:\/\/api.w.org\/{rel}","templated":true}]}}