{"id":5191,"date":"2023-07-31T11:25:32","date_gmt":"2023-07-31T09:25:32","guid":{"rendered":"https:\/\/old.b2com.africa\/?post_type=product&#038;p=5191"},"modified":"2023-07-31T14:00:19","modified_gmt":"2023-07-31T12:00:19","slug":"comptoir-table-haute","status":"publish","type":"product","link":"https:\/\/old.b2com.africa\/index.php\/product\/comptoir-table-haute\/","title":{"rendered":"Comptoir Table haute"},"content":{"rendered":"<p>Accueillez vos clients lors de vos \u00e9v\u00e9nements professionnels en optant pour la table haute mange debout personnalis\u00e9e !<\/p>\n<p>Sa structure tubulaire en aluminium avec housse en textile imprim\u00e9 \u00e9pouse parfaitement les contours de la table.<\/p>\n<p>Personnalis\u00e9e aux couleurs de votre marque, la table Formulate est un support de communication indispensable pour vos salons afin d&#8217;augmenter votre visibilit\u00e9 !<\/p>\n","protected":false},"excerpt":{"rendered":"<h1 class=\"title-small\">Optez pour une table haute personnalis\u00e9e sur vos salons &amp; foires.<\/h1>\n","protected":false},"author":5,"featured_media":5196,"comment_status":"open","ping_status":"closed","template":"","meta":{"content-type":""},"product_cat":[162,159,67],"product_tag":[],"_links":{"self":[{"href":"https:\/\/old.b2com.africa\/index.php\/wp-json\/wp\/v2\/product\/5191"}],"collection":[{"href":"https:\/\/old.b2com.africa\/index.php\/wp-json\/wp\/v2\/product"}],"about":[{"href":"https:\/\/old.b2com.africa\/index.php\/wp-json\/wp\/v2\/types\/product"}],"author":[{"embeddable":true,"href":"https:\/\/old.b2com.africa\/index.php\/wp-json\/wp\/v2\/users\/5"}],"replies":[{"embeddable":true,"href":"https:\/\/old.b2com.africa\/index.php\/wp-json\/wp\/v2\/comments?post=5191"}],"version-history":[{"count":1,"href":"https:\/\/old.b2com.africa\/index.php\/wp-json\/wp\/v2\/product\/5191\/revisions"}],"predecessor-version":[{"id":5194,"href":"https:\/\/old.b2com.africa\/index.php\/wp-json\/wp\/v2\/product\/5191\/revisions\/5194"}],"wp:featuredmedia":[{"embeddable":true,"href":"https:\/\/old.b2com.africa\/index.php\/wp-json\/wp\/v2\/media\/5196"}],"wp:attachment":[{"href":"https:\/\/old.b2com.africa\/index.php\/wp-json\/wp\/v2\/media?parent=5191"}],"wp:term":[{"taxonomy":"product_cat","embeddable":true,"href":"https:\/\/old.b2com.africa\/index.php\/wp-json\/wp\/v2\/product_cat?post=5191"},{"taxonomy":"product_tag","embeddable":true,"href":"https:\/\/old.b2com.africa\/index.php\/wp-json\/wp\/v2\/product_tag?post=5191"}],"curies":[{"name":"wp","href":"https:\/\/api.w.org\/{rel}","templated":true}]}}