{"id":5175,"date":"2023-07-31T00:59:17","date_gmt":"2023-07-30T22:59:17","guid":{"rendered":"https:\/\/old.b2com.africa\/?post_type=product&#038;p=5175"},"modified":"2023-08-01T21:42:52","modified_gmt":"2023-08-01T19:42:52","slug":"5175","status":"publish","type":"product","link":"https:\/\/old.b2com.africa\/index.php\/product\/5175\/","title":{"rendered":"Comptoir Parapluie en textile"},"content":{"rendered":"<p>Le meilleur rapport qualit\u00e9 \/ prix #madeinRegions pour votre comptoir d&#8217;accueil pour salons, show room, etc.<\/p>\n<p>Comptoir parapluie textile tendu\u00a0l\u00e9ger et r\u00e9sistant \u00e0 la fois\u00a0avec tablette et \u00e9tag\u00e8re, facile \u00e0 assembler avec un visuel d\u2019un seul tenant qui reste fix\u00e9 \u00e0 la structure une fois pli\u00e9e.<\/p>\n<p>Dimensions en cm : 102 (h) x 106 (l) x 36 (p)<\/p>\n<p>Impression par sublimation sur maille stretch M1 (anti feu norme FR) ou maille occultante 100% opaque avec dos noir.<\/p>\n<p>Livr\u00e9 avec sac de transport<\/p>\n","protected":false},"excerpt":{"rendered":"<p>Le meilleur rapport qualit\u00e9 \/ prix #madeinRegions pour votre comptoir d&#8217;accueil pour salons, show room, etc. Comptoir parapluie textile tendu\u00a0l\u00e9ger et r\u00e9sistant \u00e0 la fois\u00a0avec tablette et \u00e9tag\u00e8re, facile \u00e0 assembler avec un visuel d\u2019un seul tenant qui reste fix\u00e9 \u00e0 la structure une fois pli\u00e9e. Dimensions en cm : 102 (h) x 106 (l) [&hellip;]<\/p>\n","protected":false},"author":5,"featured_media":0,"comment_status":"open","ping_status":"closed","template":"","meta":{"content-type":""},"product_cat":[162,159,67],"product_tag":[],"_links":{"self":[{"href":"https:\/\/old.b2com.africa\/index.php\/wp-json\/wp\/v2\/product\/5175"}],"collection":[{"href":"https:\/\/old.b2com.africa\/index.php\/wp-json\/wp\/v2\/product"}],"about":[{"href":"https:\/\/old.b2com.africa\/index.php\/wp-json\/wp\/v2\/types\/product"}],"author":[{"embeddable":true,"href":"https:\/\/old.b2com.africa\/index.php\/wp-json\/wp\/v2\/users\/5"}],"replies":[{"embeddable":true,"href":"https:\/\/old.b2com.africa\/index.php\/wp-json\/wp\/v2\/comments?post=5175"}],"version-history":[{"count":3,"href":"https:\/\/old.b2com.africa\/index.php\/wp-json\/wp\/v2\/product\/5175\/revisions"}],"predecessor-version":[{"id":5294,"href":"https:\/\/old.b2com.africa\/index.php\/wp-json\/wp\/v2\/product\/5175\/revisions\/5294"}],"wp:attachment":[{"href":"https:\/\/old.b2com.africa\/index.php\/wp-json\/wp\/v2\/media?parent=5175"}],"wp:term":[{"taxonomy":"product_cat","embeddable":true,"href":"https:\/\/old.b2com.africa\/index.php\/wp-json\/wp\/v2\/product_cat?post=5175"},{"taxonomy":"product_tag","embeddable":true,"href":"https:\/\/old.b2com.africa\/index.php\/wp-json\/wp\/v2\/product_tag?post=5175"}],"curies":[{"name":"wp","href":"https:\/\/api.w.org\/{rel}","templated":true}]}}