{"id":5169,"date":"2023-07-30T23:56:49","date_gmt":"2023-07-30T21:56:49","guid":{"rendered":"https:\/\/old.b2com.africa\/?post_type=product&#038;p=5169"},"modified":"2023-07-30T23:57:05","modified_gmt":"2023-07-30T21:57:05","slug":"valise-comptoir","status":"publish","type":"product","link":"https:\/\/old.b2com.africa\/index.php\/product\/valise-comptoir\/","title":{"rendered":"Valise comptoir"},"content":{"rendered":"<p>Vous participez \u00e0 un salon, ou un \u00e9v\u00e9nement dans les prochains jours ? Attirez l&#8217;attention des clients et prospects qui passent pr\u00e8s de votre stand ave la valise comptoir personnalis\u00e9e !<\/p>\n<p>Rigide et bien con\u00e7ue, la valise comptoir servira de comptoir d&#8217;appoint.<\/p>\n<p>Il s&#8217;agit d&#8217;un support pratique qui permet de transporter votre mur d&#8217;image ou votre stand parapluie.<\/p>\n<p>Dimensions de la valise : 95 cm (hauteur) x 60 cm (largeur) x 40 cm (profondeur).<\/p>\n","protected":false},"excerpt":{"rendered":"<h1 class=\"title-small\">Cr\u00e9ez un espace accueillant avec la valise comptoir personnalis\u00e9e<\/h1>\n","protected":false},"author":5,"featured_media":5170,"comment_status":"open","ping_status":"closed","template":"","meta":{"content-type":""},"product_cat":[162,159,67],"product_tag":[],"_links":{"self":[{"href":"https:\/\/old.b2com.africa\/index.php\/wp-json\/wp\/v2\/product\/5169"}],"collection":[{"href":"https:\/\/old.b2com.africa\/index.php\/wp-json\/wp\/v2\/product"}],"about":[{"href":"https:\/\/old.b2com.africa\/index.php\/wp-json\/wp\/v2\/types\/product"}],"author":[{"embeddable":true,"href":"https:\/\/old.b2com.africa\/index.php\/wp-json\/wp\/v2\/users\/5"}],"replies":[{"embeddable":true,"href":"https:\/\/old.b2com.africa\/index.php\/wp-json\/wp\/v2\/comments?post=5169"}],"version-history":[{"count":1,"href":"https:\/\/old.b2com.africa\/index.php\/wp-json\/wp\/v2\/product\/5169\/revisions"}],"predecessor-version":[{"id":5174,"href":"https:\/\/old.b2com.africa\/index.php\/wp-json\/wp\/v2\/product\/5169\/revisions\/5174"}],"wp:featuredmedia":[{"embeddable":true,"href":"https:\/\/old.b2com.africa\/index.php\/wp-json\/wp\/v2\/media\/5170"}],"wp:attachment":[{"href":"https:\/\/old.b2com.africa\/index.php\/wp-json\/wp\/v2\/media?parent=5169"}],"wp:term":[{"taxonomy":"product_cat","embeddable":true,"href":"https:\/\/old.b2com.africa\/index.php\/wp-json\/wp\/v2\/product_cat?post=5169"},{"taxonomy":"product_tag","embeddable":true,"href":"https:\/\/old.b2com.africa\/index.php\/wp-json\/wp\/v2\/product_tag?post=5169"}],"curies":[{"name":"wp","href":"https:\/\/api.w.org\/{rel}","templated":true}]}}