{"id":5154,"date":"2023-07-29T15:15:07","date_gmt":"2023-07-29T13:15:07","guid":{"rendered":"https:\/\/old.b2com.africa\/?post_type=product&#038;p=5154"},"modified":"2023-07-30T23:16:43","modified_gmt":"2023-07-30T21:16:43","slug":"comptoir-daccueil-parapluie","status":"publish","type":"product","link":"https:\/\/old.b2com.africa\/index.php\/product\/comptoir-daccueil-parapluie\/","title":{"rendered":"Comptoir d&#8217;accueil parapluie"},"content":{"rendered":"<p>Optez pour un comptoir d&#8217;accueil parapluie personnalis\u00e9 pour renforcer votre image lors d&#8217;un salon, d&#8217;une foire ou d&#8217;une op\u00e9ration promotionnelle !<\/p>\n<p>Ce comptoir parapluie disponible en 2 formats est l\u00e9ger, pratique et d\u00e9montable en vous offrant aussi des rangements int\u00e9rieurs gr\u00e2ce aux 2 \u00e9tag\u00e8res internes incluses, pratiques pour stocker vos documents et autre mat\u00e9riel qui ne doit pas \u00eatre expos\u00e9 \u00e0 la vue de tous.<\/p>\n","protected":false},"excerpt":{"rendered":"<h1 class=\"title-small\">Comptoir d\u2019accueil parapluie personnalis\u00e9 &#8211; Impression PLV<\/h1>\n","protected":false},"author":5,"featured_media":5164,"comment_status":"open","ping_status":"closed","template":"","meta":{"content-type":""},"product_cat":[162,159,67],"product_tag":[],"_links":{"self":[{"href":"https:\/\/old.b2com.africa\/index.php\/wp-json\/wp\/v2\/product\/5154"}],"collection":[{"href":"https:\/\/old.b2com.africa\/index.php\/wp-json\/wp\/v2\/product"}],"about":[{"href":"https:\/\/old.b2com.africa\/index.php\/wp-json\/wp\/v2\/types\/product"}],"author":[{"embeddable":true,"href":"https:\/\/old.b2com.africa\/index.php\/wp-json\/wp\/v2\/users\/5"}],"replies":[{"embeddable":true,"href":"https:\/\/old.b2com.africa\/index.php\/wp-json\/wp\/v2\/comments?post=5154"}],"version-history":[{"count":1,"href":"https:\/\/old.b2com.africa\/index.php\/wp-json\/wp\/v2\/product\/5154\/revisions"}],"predecessor-version":[{"id":5161,"href":"https:\/\/old.b2com.africa\/index.php\/wp-json\/wp\/v2\/product\/5154\/revisions\/5161"}],"wp:featuredmedia":[{"embeddable":true,"href":"https:\/\/old.b2com.africa\/index.php\/wp-json\/wp\/v2\/media\/5164"}],"wp:attachment":[{"href":"https:\/\/old.b2com.africa\/index.php\/wp-json\/wp\/v2\/media?parent=5154"}],"wp:term":[{"taxonomy":"product_cat","embeddable":true,"href":"https:\/\/old.b2com.africa\/index.php\/wp-json\/wp\/v2\/product_cat?post=5154"},{"taxonomy":"product_tag","embeddable":true,"href":"https:\/\/old.b2com.africa\/index.php\/wp-json\/wp\/v2\/product_tag?post=5154"}],"curies":[{"name":"wp","href":"https:\/\/api.w.org\/{rel}","templated":true}]}}