{"id":5144,"date":"2023-07-29T14:43:30","date_gmt":"2023-07-29T12:43:30","guid":{"rendered":"https:\/\/old.b2com.africa\/?post_type=product&#038;p=5144"},"modified":"2023-07-30T23:22:11","modified_gmt":"2023-07-30T21:22:11","slug":"comptoir-commercial-ou-banque-daccueil","status":"publish","type":"product","link":"https:\/\/old.b2com.africa\/index.php\/product\/comptoir-commercial-ou-banque-daccueil\/","title":{"rendered":"Comptoir commercial ou Banque d&#8217;accueil"},"content":{"rendered":"<p>Id\u00e9ale pour l&#8217;accueil de vos clients et prospects lors d&#8217;un salon, cette banque d&#8217;accueil con\u00e7ue pour une utilisation int\u00e9rieure vous permettra de gagner en visibilit\u00e9 gr\u00e2ce \u00e0 son fronton sup\u00e9rieur personnalis\u00e9.<\/p>\n<p>Ce support PLV ultra l\u00e9ger, compact et simple \u00e0 monter animera vos op\u00e9rations commerciales en magasin et sublimera l&#8217;accueil des clients sur un salon professionnel.<\/p>\n","protected":false},"excerpt":{"rendered":"<h1 class=\"title-small\">Comptoir de stand avec fronton pour \u00e9v\u00e9nements promotionnels<\/h1>\n","protected":false},"author":5,"featured_media":5168,"comment_status":"open","ping_status":"closed","template":"","meta":{"content-type":""},"product_cat":[162,159,67],"product_tag":[],"_links":{"self":[{"href":"https:\/\/old.b2com.africa\/index.php\/wp-json\/wp\/v2\/product\/5144"}],"collection":[{"href":"https:\/\/old.b2com.africa\/index.php\/wp-json\/wp\/v2\/product"}],"about":[{"href":"https:\/\/old.b2com.africa\/index.php\/wp-json\/wp\/v2\/types\/product"}],"author":[{"embeddable":true,"href":"https:\/\/old.b2com.africa\/index.php\/wp-json\/wp\/v2\/users\/5"}],"replies":[{"embeddable":true,"href":"https:\/\/old.b2com.africa\/index.php\/wp-json\/wp\/v2\/comments?post=5144"}],"version-history":[{"count":1,"href":"https:\/\/old.b2com.africa\/index.php\/wp-json\/wp\/v2\/product\/5144\/revisions"}],"predecessor-version":[{"id":5153,"href":"https:\/\/old.b2com.africa\/index.php\/wp-json\/wp\/v2\/product\/5144\/revisions\/5153"}],"wp:featuredmedia":[{"embeddable":true,"href":"https:\/\/old.b2com.africa\/index.php\/wp-json\/wp\/v2\/media\/5168"}],"wp:attachment":[{"href":"https:\/\/old.b2com.africa\/index.php\/wp-json\/wp\/v2\/media?parent=5144"}],"wp:term":[{"taxonomy":"product_cat","embeddable":true,"href":"https:\/\/old.b2com.africa\/index.php\/wp-json\/wp\/v2\/product_cat?post=5144"},{"taxonomy":"product_tag","embeddable":true,"href":"https:\/\/old.b2com.africa\/index.php\/wp-json\/wp\/v2\/product_tag?post=5144"}],"curies":[{"name":"wp","href":"https:\/\/api.w.org\/{rel}","templated":true}]}}