{"id":5079,"date":"2023-07-28T22:44:27","date_gmt":"2023-07-28T20:44:27","guid":{"rendered":"https:\/\/old.b2com.africa\/?post_type=product&#038;p=5079"},"modified":"2023-07-29T01:59:25","modified_gmt":"2023-07-28T23:59:25","slug":"recharges-drapeaux-voile","status":"publish","type":"product","link":"https:\/\/old.b2com.africa\/index.php\/product\/recharges-drapeaux-voile\/","title":{"rendered":"Recharges Drapeaux voile"},"content":{"rendered":"<p>Vous souhaitez changer compl\u00e8tement de visuel ?<\/p>\n<p>Gr\u00e2ce \u00e0 nos recharges pour visuel seul, il vous sera possible de faire des \u00e9conomies en changeant toute votre communication \u00e0 prix ultra comp\u00e9titif !<\/p>\n<p>Nous vous proposons des recharges de drapeaux voiles adapt\u00e9es \u00e0 toute notre gamme.<\/p>\n","protected":false},"excerpt":{"rendered":"<h1 class=\"title-small\">Recharge pour drapeaux publicitaires &#8211; Visuel seul sans structure.<\/h1>\n","protected":false},"author":5,"featured_media":5080,"comment_status":"open","ping_status":"closed","template":"","meta":{"content-type":""},"product_cat":[161,159,67],"product_tag":[],"_links":{"self":[{"href":"https:\/\/old.b2com.africa\/index.php\/wp-json\/wp\/v2\/product\/5079"}],"collection":[{"href":"https:\/\/old.b2com.africa\/index.php\/wp-json\/wp\/v2\/product"}],"about":[{"href":"https:\/\/old.b2com.africa\/index.php\/wp-json\/wp\/v2\/types\/product"}],"author":[{"embeddable":true,"href":"https:\/\/old.b2com.africa\/index.php\/wp-json\/wp\/v2\/users\/5"}],"replies":[{"embeddable":true,"href":"https:\/\/old.b2com.africa\/index.php\/wp-json\/wp\/v2\/comments?post=5079"}],"version-history":[{"count":1,"href":"https:\/\/old.b2com.africa\/index.php\/wp-json\/wp\/v2\/product\/5079\/revisions"}],"predecessor-version":[{"id":5081,"href":"https:\/\/old.b2com.africa\/index.php\/wp-json\/wp\/v2\/product\/5079\/revisions\/5081"}],"wp:featuredmedia":[{"embeddable":true,"href":"https:\/\/old.b2com.africa\/index.php\/wp-json\/wp\/v2\/media\/5080"}],"wp:attachment":[{"href":"https:\/\/old.b2com.africa\/index.php\/wp-json\/wp\/v2\/media?parent=5079"}],"wp:term":[{"taxonomy":"product_cat","embeddable":true,"href":"https:\/\/old.b2com.africa\/index.php\/wp-json\/wp\/v2\/product_cat?post=5079"},{"taxonomy":"product_tag","embeddable":true,"href":"https:\/\/old.b2com.africa\/index.php\/wp-json\/wp\/v2\/product_tag?post=5079"}],"curies":[{"name":"wp","href":"https:\/\/api.w.org\/{rel}","templated":true}]}}