{"id":5076,"date":"2023-07-28T22:18:37","date_gmt":"2023-07-28T20:18:37","guid":{"rendered":"https:\/\/old.b2com.africa\/?post_type=product&#038;p=5076"},"modified":"2023-07-29T01:10:09","modified_gmt":"2023-07-28T23:10:09","slug":"flag-edge","status":"publish","type":"product","link":"https:\/\/old.b2com.africa\/index.php\/product\/flag-edge\/","title":{"rendered":"Flag Edge"},"content":{"rendered":"<p>Imposez votre pr\u00e9sence en donnant de la hauteur de vue \u00e0 votre communication publicitaire gr\u00e2ce \u00e0 ce drapeau voile Edge de forme rectangulaire !<\/p>\n<p>Parfaite pour attirer l&#8217;\u0153il des passants, cette PLV grand format et nomade vous offrira une visibilit\u00e9 maximale \u00e0 chaque utilisation.<\/p>\n<p>Qu&#8217;il s&#8217;agisse d&#8217;une communication r\u00e9guli\u00e8re ou occasionnelle, ce support marketing vous permettra d&#8217;hisser les couleurs de votre marque ou entreprise gr\u00e2ce \u00e0 sa large surface d&#8217;impression et de personnalisation.<\/p>\n<p>Notez que le drapeau voile Edge est disponible en 3 dimensions de voile distinctes.<\/p>\n","protected":false},"excerpt":{"rendered":"<h1 class=\"title-small\">Flamme publicitaire | Drapeau Flag Edge : jusqu&#8217;\u00e0 4m de haut !<\/h1>\n","protected":false},"author":5,"featured_media":5077,"comment_status":"open","ping_status":"closed","template":"","meta":{"content-type":""},"product_cat":[161,159,67],"product_tag":[],"_links":{"self":[{"href":"https:\/\/old.b2com.africa\/index.php\/wp-json\/wp\/v2\/product\/5076"}],"collection":[{"href":"https:\/\/old.b2com.africa\/index.php\/wp-json\/wp\/v2\/product"}],"about":[{"href":"https:\/\/old.b2com.africa\/index.php\/wp-json\/wp\/v2\/types\/product"}],"author":[{"embeddable":true,"href":"https:\/\/old.b2com.africa\/index.php\/wp-json\/wp\/v2\/users\/5"}],"replies":[{"embeddable":true,"href":"https:\/\/old.b2com.africa\/index.php\/wp-json\/wp\/v2\/comments?post=5076"}],"version-history":[{"count":1,"href":"https:\/\/old.b2com.africa\/index.php\/wp-json\/wp\/v2\/product\/5076\/revisions"}],"predecessor-version":[{"id":5078,"href":"https:\/\/old.b2com.africa\/index.php\/wp-json\/wp\/v2\/product\/5076\/revisions\/5078"}],"wp:featuredmedia":[{"embeddable":true,"href":"https:\/\/old.b2com.africa\/index.php\/wp-json\/wp\/v2\/media\/5077"}],"wp:attachment":[{"href":"https:\/\/old.b2com.africa\/index.php\/wp-json\/wp\/v2\/media?parent=5076"}],"wp:term":[{"taxonomy":"product_cat","embeddable":true,"href":"https:\/\/old.b2com.africa\/index.php\/wp-json\/wp\/v2\/product_cat?post=5076"},{"taxonomy":"product_tag","embeddable":true,"href":"https:\/\/old.b2com.africa\/index.php\/wp-json\/wp\/v2\/product_tag?post=5076"}],"curies":[{"name":"wp","href":"https:\/\/api.w.org\/{rel}","templated":true}]}}