{"id":5072,"date":"2023-07-28T21:48:53","date_gmt":"2023-07-28T19:48:53","guid":{"rendered":"https:\/\/old.b2com.africa\/?post_type=product&#038;p=5072"},"modified":"2023-07-29T01:14:58","modified_gmt":"2023-07-28T23:14:58","slug":"flag-goutte","status":"publish","type":"product","link":"https:\/\/old.b2com.africa\/index.php\/product\/flag-goutte\/","title":{"rendered":"Flag Goutte"},"content":{"rendered":"<p>Choisissez une PLV \u00e9l\u00e9gante pour attirer l&#8217;oeil des visiteurs !<\/p>\n<p>Le drapeau voile, appel\u00e9 couramment flying banner, beach flag ou bien encore oriflamme, pr\u00e9sente l&#8217;avantage d&#8217;\u00eatre l\u00e9ger, esth\u00e9tique et portatif.<\/p>\n<p>Ce flag Fix de forme goutte, dont le nom provient de sa forme arrondie \u00e0 l&#8217;extr\u00e9mit\u00e9 de la voile, est sp\u00e9cialement con\u00e7u pour un usage en int\u00e9rieur comme ext\u00e9rieur.<\/p>\n<p>En plus de permettre \u00e0 votre message de prendre de la hauteur, une fois dispos\u00e9 en ext\u00e9rieur, votre drapeau voile pivotera en fonction de la direction du vent. Id\u00e9al pour une communication outdoor tous azimuts !<\/p>\n<p>Mati\u00e8re premi\u00e8re certifi\u00e9e difficilement inflammable (norme allemande anti-feu B1).<\/p>\n","protected":false},"excerpt":{"rendered":"<h1 class=\"title-small\">Drapeau goutte : Drapeau publicitaire int\u00e9rieur &amp; ext\u00e9rieur<\/h1>\n","protected":false},"author":5,"featured_media":5073,"comment_status":"open","ping_status":"closed","template":"","meta":{"content-type":""},"product_cat":[161,159,67],"product_tag":[],"_links":{"self":[{"href":"https:\/\/old.b2com.africa\/index.php\/wp-json\/wp\/v2\/product\/5072"}],"collection":[{"href":"https:\/\/old.b2com.africa\/index.php\/wp-json\/wp\/v2\/product"}],"about":[{"href":"https:\/\/old.b2com.africa\/index.php\/wp-json\/wp\/v2\/types\/product"}],"author":[{"embeddable":true,"href":"https:\/\/old.b2com.africa\/index.php\/wp-json\/wp\/v2\/users\/5"}],"replies":[{"embeddable":true,"href":"https:\/\/old.b2com.africa\/index.php\/wp-json\/wp\/v2\/comments?post=5072"}],"version-history":[{"count":1,"href":"https:\/\/old.b2com.africa\/index.php\/wp-json\/wp\/v2\/product\/5072\/revisions"}],"predecessor-version":[{"id":5074,"href":"https:\/\/old.b2com.africa\/index.php\/wp-json\/wp\/v2\/product\/5072\/revisions\/5074"}],"wp:featuredmedia":[{"embeddable":true,"href":"https:\/\/old.b2com.africa\/index.php\/wp-json\/wp\/v2\/media\/5073"}],"wp:attachment":[{"href":"https:\/\/old.b2com.africa\/index.php\/wp-json\/wp\/v2\/media?parent=5072"}],"wp:term":[{"taxonomy":"product_cat","embeddable":true,"href":"https:\/\/old.b2com.africa\/index.php\/wp-json\/wp\/v2\/product_cat?post=5072"},{"taxonomy":"product_tag","embeddable":true,"href":"https:\/\/old.b2com.africa\/index.php\/wp-json\/wp\/v2\/product_tag?post=5072"}],"curies":[{"name":"wp","href":"https:\/\/api.w.org\/{rel}","templated":true}]}}