{"id":5058,"date":"2023-07-28T21:07:50","date_gmt":"2023-07-28T19:07:50","guid":{"rendered":"https:\/\/old.b2com.africa\/?post_type=product&#038;p=5058"},"modified":"2023-07-29T00:07:30","modified_gmt":"2023-07-28T22:07:30","slug":"flag-droit","status":"publish","type":"product","link":"https:\/\/old.b2com.africa\/index.php\/product\/flag-droit\/","title":{"rendered":"Flag Plume"},"content":{"rendered":"<p>Vous souhaitez miser sur une PLV nomade \u00e0 la structure verticale ? Alors le drapeau voile Fix de forme droite est fait pour vous !<\/p>\n<p>Appel\u00e9 \u00e9galement drapeau plume gr\u00e2ce \u00e0 la forme si caract\u00e9ristique de sa voilure, il pr\u00e9sente l&#8217;avantage d&#8217;\u00eatre l\u00e9ger, esth\u00e9tique et facilement transportable.<\/p>\n<p>Con\u00e7u pour vos \u00e9v\u00e9nements en int\u00e9rieur et en ext\u00e9rieur, le flag fix donnera de la hauteur \u00e0 votre message.<\/p>\n<p>Disponible en deux mod\u00e8les (droit et goutte).<\/p>\n","protected":false},"excerpt":{"rendered":"<h1 class=\"title-small\">Drapeau publicitaire ext\u00e9rieur &#8211; Drapeau forme droite<\/h1>\n","protected":false},"author":5,"featured_media":5066,"comment_status":"open","ping_status":"closed","template":"","meta":{"content-type":""},"product_cat":[161,159,67],"product_tag":[],"_links":{"self":[{"href":"https:\/\/old.b2com.africa\/index.php\/wp-json\/wp\/v2\/product\/5058"}],"collection":[{"href":"https:\/\/old.b2com.africa\/index.php\/wp-json\/wp\/v2\/product"}],"about":[{"href":"https:\/\/old.b2com.africa\/index.php\/wp-json\/wp\/v2\/types\/product"}],"author":[{"embeddable":true,"href":"https:\/\/old.b2com.africa\/index.php\/wp-json\/wp\/v2\/users\/5"}],"replies":[{"embeddable":true,"href":"https:\/\/old.b2com.africa\/index.php\/wp-json\/wp\/v2\/comments?post=5058"}],"version-history":[{"count":2,"href":"https:\/\/old.b2com.africa\/index.php\/wp-json\/wp\/v2\/product\/5058\/revisions"}],"predecessor-version":[{"id":5075,"href":"https:\/\/old.b2com.africa\/index.php\/wp-json\/wp\/v2\/product\/5058\/revisions\/5075"}],"wp:featuredmedia":[{"embeddable":true,"href":"https:\/\/old.b2com.africa\/index.php\/wp-json\/wp\/v2\/media\/5066"}],"wp:attachment":[{"href":"https:\/\/old.b2com.africa\/index.php\/wp-json\/wp\/v2\/media?parent=5058"}],"wp:term":[{"taxonomy":"product_cat","embeddable":true,"href":"https:\/\/old.b2com.africa\/index.php\/wp-json\/wp\/v2\/product_cat?post=5058"},{"taxonomy":"product_tag","embeddable":true,"href":"https:\/\/old.b2com.africa\/index.php\/wp-json\/wp\/v2\/product_tag?post=5058"}],"curies":[{"name":"wp","href":"https:\/\/api.w.org\/{rel}","templated":true}]}}