{"id":5035,"date":"2023-07-28T16:02:17","date_gmt":"2023-07-28T14:02:17","guid":{"rendered":"https:\/\/old.b2com.africa\/?post_type=product&#038;p=5035"},"modified":"2023-07-28T16:57:54","modified_gmt":"2023-07-28T14:57:54","slug":"recharges-roll-up","status":"publish","type":"product","link":"https:\/\/old.b2com.africa\/index.php\/product\/recharges-roll-up\/","title":{"rendered":"Recharges Roll up"},"content":{"rendered":"<p>Le roll up que vous avez d\u00e9j\u00e0 ne pr\u00e9sente plus la bonne offre, vos coordonn\u00e9es ne sont plus bonnes ?<\/p>\n<p>Vous comptez bien r\u00e9utiliser votre structure de PLV mais votre visuel n\u2019est plus adapt\u00e9 ?<\/p>\n<p>Les informations imprim\u00e9es sur la toile doivent \u00eatre chang\u00e9es et pourtant la structure m\u00e9tallique est encore en bon \u00e9tat ?<\/p>\n<p>Nous avons la solution ! Gr\u00e2ce \u00e0 la recharge pour roll up, \u00e9vitez le gaspillage et changez uniquement le visuel de votre roll-up publicitaire pour faire des \u00e9conomies.<\/p>\n<p>Optez pour une recharge de roll up pour limiter les d\u00e9penses \u00e0 l\u2019occasion de votre prochain \u00e9v\u00e9nement.<\/p>\n","protected":false},"excerpt":{"rendered":"<h1 class=\"title-small\">Visuel seul vendu pour faire des \u00e9conomies &#8211; Roll up pas cher<\/h1>\n","protected":false},"author":5,"featured_media":5036,"comment_status":"open","ping_status":"closed","template":"","meta":{"content-type":""},"product_cat":[159,67,160],"product_tag":[],"_links":{"self":[{"href":"https:\/\/old.b2com.africa\/index.php\/wp-json\/wp\/v2\/product\/5035"}],"collection":[{"href":"https:\/\/old.b2com.africa\/index.php\/wp-json\/wp\/v2\/product"}],"about":[{"href":"https:\/\/old.b2com.africa\/index.php\/wp-json\/wp\/v2\/types\/product"}],"author":[{"embeddable":true,"href":"https:\/\/old.b2com.africa\/index.php\/wp-json\/wp\/v2\/users\/5"}],"replies":[{"embeddable":true,"href":"https:\/\/old.b2com.africa\/index.php\/wp-json\/wp\/v2\/comments?post=5035"}],"version-history":[{"count":1,"href":"https:\/\/old.b2com.africa\/index.php\/wp-json\/wp\/v2\/product\/5035\/revisions"}],"predecessor-version":[{"id":5037,"href":"https:\/\/old.b2com.africa\/index.php\/wp-json\/wp\/v2\/product\/5035\/revisions\/5037"}],"wp:featuredmedia":[{"embeddable":true,"href":"https:\/\/old.b2com.africa\/index.php\/wp-json\/wp\/v2\/media\/5036"}],"wp:attachment":[{"href":"https:\/\/old.b2com.africa\/index.php\/wp-json\/wp\/v2\/media?parent=5035"}],"wp:term":[{"taxonomy":"product_cat","embeddable":true,"href":"https:\/\/old.b2com.africa\/index.php\/wp-json\/wp\/v2\/product_cat?post=5035"},{"taxonomy":"product_tag","embeddable":true,"href":"https:\/\/old.b2com.africa\/index.php\/wp-json\/wp\/v2\/product_tag?post=5035"}],"curies":[{"name":"wp","href":"https:\/\/api.w.org\/{rel}","templated":true}]}}