{"id":5031,"date":"2023-07-28T15:30:31","date_gmt":"2023-07-28T13:30:31","guid":{"rendered":"https:\/\/old.b2com.africa\/?post_type=product&#038;p=5031"},"modified":"2023-07-28T17:07:40","modified_gmt":"2023-07-28T15:07:40","slug":"roll-up-exclusif","status":"publish","type":"product","link":"https:\/\/old.b2com.africa\/index.php\/product\/roll-up-exclusif\/","title":{"rendered":"Roll up Exclusif"},"content":{"rendered":"<p>Sa\u00a0<strong>structure l\u00e9g\u00e8re<\/strong>\u00a0est parfaite pour les actions commerciales qui n\u00e9cessitent un changement de lieux d\u2019implantation r\u00e9gulier.<\/p>\n<p>Le visuel s&#8217;enroule \u00e0 l\u2019int\u00e9rieur de la structure, ce qui lui offre une\u00a0<strong>protection durant le transport<\/strong>. Une simple traction suffit pour d\u00e9rouler le visuel et l&#8217;accrocher sur un m\u00e2t de 2m.<\/p>\n<p>Nous vous proposons quatre supports pour l&#8217;impression de votre visuel ou la possibilit\u00e9 de commander la structure sans impression.<br \/>\nNotre proc\u00e9d\u00e9 d&#8217;<strong>impression HD<\/strong>\u00a0vous garanti une qualit\u00e9 d&#8217;image sup\u00e9rieure et une\u00a0<strong>parfaite r\u00e9sistance aux UV<\/strong>.<\/p>\n<p>Livr\u00e9 dans sa housse de transport renforc\u00e9e.<\/p>\n","protected":false},"excerpt":{"rendered":"<h1><strong>Roll up exclusif\u00a0<\/strong>en aluminium anodis\u00e9 est\u00a0<strong>simple et rapide de mise en place<\/strong>, id\u00e9al pour les show-rooms et \u00e9v\u00e8nements professionnels.<\/h1>\n","protected":false},"author":5,"featured_media":5056,"comment_status":"open","ping_status":"closed","template":"","meta":{"content-type":""},"product_cat":[159,67,160],"product_tag":[],"_links":{"self":[{"href":"https:\/\/old.b2com.africa\/index.php\/wp-json\/wp\/v2\/product\/5031"}],"collection":[{"href":"https:\/\/old.b2com.africa\/index.php\/wp-json\/wp\/v2\/product"}],"about":[{"href":"https:\/\/old.b2com.africa\/index.php\/wp-json\/wp\/v2\/types\/product"}],"author":[{"embeddable":true,"href":"https:\/\/old.b2com.africa\/index.php\/wp-json\/wp\/v2\/users\/5"}],"replies":[{"embeddable":true,"href":"https:\/\/old.b2com.africa\/index.php\/wp-json\/wp\/v2\/comments?post=5031"}],"version-history":[{"count":1,"href":"https:\/\/old.b2com.africa\/index.php\/wp-json\/wp\/v2\/product\/5031\/revisions"}],"predecessor-version":[{"id":5034,"href":"https:\/\/old.b2com.africa\/index.php\/wp-json\/wp\/v2\/product\/5031\/revisions\/5034"}],"wp:featuredmedia":[{"embeddable":true,"href":"https:\/\/old.b2com.africa\/index.php\/wp-json\/wp\/v2\/media\/5056"}],"wp:attachment":[{"href":"https:\/\/old.b2com.africa\/index.php\/wp-json\/wp\/v2\/media?parent=5031"}],"wp:term":[{"taxonomy":"product_cat","embeddable":true,"href":"https:\/\/old.b2com.africa\/index.php\/wp-json\/wp\/v2\/product_cat?post=5031"},{"taxonomy":"product_tag","embeddable":true,"href":"https:\/\/old.b2com.africa\/index.php\/wp-json\/wp\/v2\/product_tag?post=5031"}],"curies":[{"name":"wp","href":"https:\/\/api.w.org\/{rel}","templated":true}]}}