{"id":5019,"date":"2023-07-27T21:55:24","date_gmt":"2023-07-27T19:55:24","guid":{"rendered":"https:\/\/old.b2com.africa\/?post_type=product&#038;p=5019"},"modified":"2023-07-27T22:19:16","modified_gmt":"2023-07-27T20:19:16","slug":"presentoir-de-table-a4-ou-mini-roll-up","status":"publish","type":"product","link":"https:\/\/old.b2com.africa\/index.php\/product\/presentoir-de-table-a4-ou-mini-roll-up\/","title":{"rendered":"Mini roll up"},"content":{"rendered":"<p>Affiche kak\u00e9mono 21&#215;29,7 cm qui s&#8217;enroule et se d\u00e9roule dans une base \u00e0 poser sur une table, un comptoir ou votre bureau.<br \/>\nImpression en haute d\u00e9finition (qualit\u00e9 photo), print\u00a0anti scratch.<\/p>\n<p>Dimensions:\u00a0 21 x 29,7 cm<\/p>\n","protected":false},"excerpt":{"rendered":"<h1><strong>Pr\u00e9sentoir de table A4\u00a0<\/strong><\/h1>\n","protected":false},"author":5,"featured_media":5022,"comment_status":"open","ping_status":"closed","template":"","meta":{"content-type":""},"product_cat":[159,67,160],"product_tag":[],"_links":{"self":[{"href":"https:\/\/old.b2com.africa\/index.php\/wp-json\/wp\/v2\/product\/5019"}],"collection":[{"href":"https:\/\/old.b2com.africa\/index.php\/wp-json\/wp\/v2\/product"}],"about":[{"href":"https:\/\/old.b2com.africa\/index.php\/wp-json\/wp\/v2\/types\/product"}],"author":[{"embeddable":true,"href":"https:\/\/old.b2com.africa\/index.php\/wp-json\/wp\/v2\/users\/5"}],"replies":[{"embeddable":true,"href":"https:\/\/old.b2com.africa\/index.php\/wp-json\/wp\/v2\/comments?post=5019"}],"version-history":[{"count":3,"href":"https:\/\/old.b2com.africa\/index.php\/wp-json\/wp\/v2\/product\/5019\/revisions"}],"predecessor-version":[{"id":5026,"href":"https:\/\/old.b2com.africa\/index.php\/wp-json\/wp\/v2\/product\/5019\/revisions\/5026"}],"wp:featuredmedia":[{"embeddable":true,"href":"https:\/\/old.b2com.africa\/index.php\/wp-json\/wp\/v2\/media\/5022"}],"wp:attachment":[{"href":"https:\/\/old.b2com.africa\/index.php\/wp-json\/wp\/v2\/media?parent=5019"}],"wp:term":[{"taxonomy":"product_cat","embeddable":true,"href":"https:\/\/old.b2com.africa\/index.php\/wp-json\/wp\/v2\/product_cat?post=5019"},{"taxonomy":"product_tag","embeddable":true,"href":"https:\/\/old.b2com.africa\/index.php\/wp-json\/wp\/v2\/product_tag?post=5019"}],"curies":[{"name":"wp","href":"https:\/\/api.w.org\/{rel}","templated":true}]}}