{"id":5015,"date":"2023-07-27T21:41:13","date_gmt":"2023-07-27T19:41:13","guid":{"rendered":"https:\/\/old.b2com.africa\/?post_type=product&#038;p=5015"},"modified":"2023-07-27T22:47:24","modified_gmt":"2023-07-27T20:47:24","slug":"roll-up-ou-kakemono-sur-pied","status":"publish","type":"product","link":"https:\/\/old.b2com.africa\/index.php\/product\/roll-up-ou-kakemono-sur-pied\/","title":{"rendered":"Roll up ou Kak\u00e9mono sur pied"},"content":{"rendered":"<p>A la diff\u00e9rence des enrouleurs ou de la structure en croix, le kak\u00e9mono sur pied permet d&#8217;ajuster la hauteur de votre signal\u00e9tique \u00e0 l&#8217;aide d&#8217;un mat t\u00e9lescopique.<\/p>\n<p>Install\u00e9 sur un tr\u00e9pied r\u00e9glable, le visuel imprim\u00e9 est pr\u00e9sent\u00e9 verticalement et suspendu par un jeu de r\u00e9glettes clipantes maintenant le visuel tendu.<\/p>\n<p>Nos solutions de kak\u00e9mono sur pied permettent de changer de visuel facilement et offrent une parfaite stabilit\u00e9. La livraison sous sac de transport matelass\u00e9 vous permet de transporter en s\u00e9curit\u00e9 la b\u00e2che imprim\u00e9e, le m\u00e2t et le pied de stabilisation.<\/p>\n","protected":false},"excerpt":{"rendered":"<h2>Le kak\u00e9mono sur pied s\u2019adapte \u00e0 toutes les hauteurs de poster gr\u00e2ce au m\u00e2t r\u00e9glable<\/h2>\n","protected":false},"author":5,"featured_media":5028,"comment_status":"open","ping_status":"closed","template":"","meta":{"content-type":""},"product_cat":[159,67,160],"product_tag":[],"_links":{"self":[{"href":"https:\/\/old.b2com.africa\/index.php\/wp-json\/wp\/v2\/product\/5015"}],"collection":[{"href":"https:\/\/old.b2com.africa\/index.php\/wp-json\/wp\/v2\/product"}],"about":[{"href":"https:\/\/old.b2com.africa\/index.php\/wp-json\/wp\/v2\/types\/product"}],"author":[{"embeddable":true,"href":"https:\/\/old.b2com.africa\/index.php\/wp-json\/wp\/v2\/users\/5"}],"replies":[{"embeddable":true,"href":"https:\/\/old.b2com.africa\/index.php\/wp-json\/wp\/v2\/comments?post=5015"}],"version-history":[{"count":1,"href":"https:\/\/old.b2com.africa\/index.php\/wp-json\/wp\/v2\/product\/5015\/revisions"}],"predecessor-version":[{"id":5017,"href":"https:\/\/old.b2com.africa\/index.php\/wp-json\/wp\/v2\/product\/5015\/revisions\/5017"}],"wp:featuredmedia":[{"embeddable":true,"href":"https:\/\/old.b2com.africa\/index.php\/wp-json\/wp\/v2\/media\/5028"}],"wp:attachment":[{"href":"https:\/\/old.b2com.africa\/index.php\/wp-json\/wp\/v2\/media?parent=5015"}],"wp:term":[{"taxonomy":"product_cat","embeddable":true,"href":"https:\/\/old.b2com.africa\/index.php\/wp-json\/wp\/v2\/product_cat?post=5015"},{"taxonomy":"product_tag","embeddable":true,"href":"https:\/\/old.b2com.africa\/index.php\/wp-json\/wp\/v2\/product_tag?post=5015"}],"curies":[{"name":"wp","href":"https:\/\/api.w.org\/{rel}","templated":true}]}}