{"id":5009,"date":"2023-07-27T15:54:02","date_gmt":"2023-07-27T13:54:02","guid":{"rendered":"https:\/\/old.b2com.africa\/?post_type=product&#038;p=5009"},"modified":"2023-07-27T21:46:12","modified_gmt":"2023-07-27T19:46:12","slug":"roll-up-ou-kakemono-suspendu","status":"publish","type":"product","link":"https:\/\/old.b2com.africa\/index.php\/product\/roll-up-ou-kakemono-suspendu\/","title":{"rendered":"Roll up ou Kakemono suspendu"},"content":{"rendered":"<p>Que vous l\u2019utilisiez sur votre kiosque d\u2019exposition ou dans votre boutique, le kak\u00e9mono suspendu saura donner de la personnalit\u00e9 \u00e0 votre boutique ou \u00e0 votre stand.<\/p>\n<p>En effet, votre visuel suspendu sera visible de tous, avec le bon visuel et le bon message, vous saisirez \u00e0 coup s\u00fbr l\u2019attention de vos visiteurs et prospects !<\/p>\n<p>Tr\u00e8s simple \u00e0 installer, le kak\u00e9mono suspendu offre un tr\u00e8s bon rendu des couleurs et ne se d\u00e9forme pas.<\/p>\n<p>Nous vous proposons plusieurs kak\u00e9monos suspendus diff\u00e9rents, \u00e0 choisir en fonction de vos besoins et de votre budget.<\/p>\n","protected":false},"excerpt":{"rendered":"<h1><strong>Affichez vos publicit\u00e9s en grand avec le kakemono suspendu !<\/strong><\/h1>\n","protected":false},"author":5,"featured_media":5018,"comment_status":"open","ping_status":"closed","template":"","meta":{"content-type":""},"product_cat":[159,67,160],"product_tag":[],"_links":{"self":[{"href":"https:\/\/old.b2com.africa\/index.php\/wp-json\/wp\/v2\/product\/5009"}],"collection":[{"href":"https:\/\/old.b2com.africa\/index.php\/wp-json\/wp\/v2\/product"}],"about":[{"href":"https:\/\/old.b2com.africa\/index.php\/wp-json\/wp\/v2\/types\/product"}],"author":[{"embeddable":true,"href":"https:\/\/old.b2com.africa\/index.php\/wp-json\/wp\/v2\/users\/5"}],"replies":[{"embeddable":true,"href":"https:\/\/old.b2com.africa\/index.php\/wp-json\/wp\/v2\/comments?post=5009"}],"version-history":[{"count":1,"href":"https:\/\/old.b2com.africa\/index.php\/wp-json\/wp\/v2\/product\/5009\/revisions"}],"predecessor-version":[{"id":5014,"href":"https:\/\/old.b2com.africa\/index.php\/wp-json\/wp\/v2\/product\/5009\/revisions\/5014"}],"wp:featuredmedia":[{"embeddable":true,"href":"https:\/\/old.b2com.africa\/index.php\/wp-json\/wp\/v2\/media\/5018"}],"wp:attachment":[{"href":"https:\/\/old.b2com.africa\/index.php\/wp-json\/wp\/v2\/media?parent=5009"}],"wp:term":[{"taxonomy":"product_cat","embeddable":true,"href":"https:\/\/old.b2com.africa\/index.php\/wp-json\/wp\/v2\/product_cat?post=5009"},{"taxonomy":"product_tag","embeddable":true,"href":"https:\/\/old.b2com.africa\/index.php\/wp-json\/wp\/v2\/product_tag?post=5009"}],"curies":[{"name":"wp","href":"https:\/\/api.w.org\/{rel}","templated":true}]}}