{"id":5005,"date":"2023-07-27T14:50:52","date_gmt":"2023-07-27T12:50:52","guid":{"rendered":"https:\/\/old.b2com.africa\/?post_type=product&#038;p=5005"},"modified":"2023-07-27T23:06:12","modified_gmt":"2023-07-27T21:06:12","slug":"roll-up-x-banner-ou-kakemono-araignee","status":"publish","type":"product","link":"https:\/\/old.b2com.africa\/index.php\/product\/roll-up-x-banner-ou-kakemono-araignee\/","title":{"rendered":"Roll up X-banner ou Kakemono Araign\u00e9e"},"content":{"rendered":"<p>Pour vos salons professionnels, \u00e9v\u00e9nements et stands, pensez au x-banner \u00e9conomique, un support de communication simple qui vous garantira un maximum de visibilit\u00e9 \u00e0 un excellent rapport qualit\u00e9 \/ prix ! Comme son nom l\u2019indique, ce support PLV poss\u00e8de une structure en forme de X.<\/p>\n<p>Id\u00e9al pour mettre en valeur un stand d\u2019exposition en int\u00e9rieur, le X-banner Eco permet de vous faire conna\u00eetre, d\u2019accro\u00eetre votre visibilit\u00e9 et de faire passer votre message avec efficacit\u00e9 !<\/p>\n<p>Existe en divers formats.<\/p>\n","protected":false},"excerpt":{"rendered":"<h1 class=\"title-small\">X-Banner Eco ou Kakemono : une communication efficace \u00e0 petit prix<\/h1>\n","protected":false},"author":5,"featured_media":5006,"comment_status":"open","ping_status":"closed","template":"","meta":{"content-type":""},"product_cat":[159,67,160],"product_tag":[],"_links":{"self":[{"href":"https:\/\/old.b2com.africa\/index.php\/wp-json\/wp\/v2\/product\/5005"}],"collection":[{"href":"https:\/\/old.b2com.africa\/index.php\/wp-json\/wp\/v2\/product"}],"about":[{"href":"https:\/\/old.b2com.africa\/index.php\/wp-json\/wp\/v2\/types\/product"}],"author":[{"embeddable":true,"href":"https:\/\/old.b2com.africa\/index.php\/wp-json\/wp\/v2\/users\/5"}],"replies":[{"embeddable":true,"href":"https:\/\/old.b2com.africa\/index.php\/wp-json\/wp\/v2\/comments?post=5005"}],"version-history":[{"count":1,"href":"https:\/\/old.b2com.africa\/index.php\/wp-json\/wp\/v2\/product\/5005\/revisions"}],"predecessor-version":[{"id":5008,"href":"https:\/\/old.b2com.africa\/index.php\/wp-json\/wp\/v2\/product\/5005\/revisions\/5008"}],"wp:featuredmedia":[{"embeddable":true,"href":"https:\/\/old.b2com.africa\/index.php\/wp-json\/wp\/v2\/media\/5006"}],"wp:attachment":[{"href":"https:\/\/old.b2com.africa\/index.php\/wp-json\/wp\/v2\/media?parent=5005"}],"wp:term":[{"taxonomy":"product_cat","embeddable":true,"href":"https:\/\/old.b2com.africa\/index.php\/wp-json\/wp\/v2\/product_cat?post=5005"},{"taxonomy":"product_tag","embeddable":true,"href":"https:\/\/old.b2com.africa\/index.php\/wp-json\/wp\/v2\/product_tag?post=5005"}],"curies":[{"name":"wp","href":"https:\/\/api.w.org\/{rel}","templated":true}]}}