{"id":4991,"date":"2023-07-27T11:15:00","date_gmt":"2023-07-27T09:15:00","guid":{"rendered":"https:\/\/old.b2com.africa\/?post_type=product&#038;p=4991"},"modified":"2025-09-11T00:19:53","modified_gmt":"2025-09-10T22:19:53","slug":"roll-up-eco-recto-verso","status":"publish","type":"product","link":"https:\/\/old.b2com.africa\/index.php\/product\/roll-up-eco-recto-verso\/","title":{"rendered":"Roll up Eco recto verso"},"content":{"rendered":"<p>Optez pour le roll up double-face et sa maxi-visibilit\u00e9 : le roll up Eco Recto \/ Verso dispose de 2 toiles imprim\u00e9es et mont\u00e9es dos \u00e0 dos.<\/p>\n<p>Placez-le au milieu de votre stand d&#8217;exposition ou espace showroom.<\/p>\n<p>Quel que soit le sens de marche ou les d\u00e9placements des visiteurs dans l&#8217;all\u00e9e, nul doute qu&#8217;ils vont vite capter votre message publicitaire !<\/p>\n<p>Ce roll up personnalisable dispose d&#8217;une double surface d&#8217;impression, avec (au choix) deux visuels identiques ou diff\u00e9rents.<\/p>\n<p>Deux mati\u00e8res au choix certifi\u00e9es difficilement inflammables (norme allemande anti-feu B1).<\/p>\n","protected":false},"excerpt":{"rendered":"<h1 class=\"title-small\">Impression roll up Eco recto\/verso &#8211; Roll up pas cher double face<\/h1>\n","protected":false},"author":5,"featured_media":5004,"comment_status":"open","ping_status":"closed","template":"","meta":{"content-type":""},"product_cat":[159,67,160],"product_tag":[],"_links":{"self":[{"href":"https:\/\/old.b2com.africa\/index.php\/wp-json\/wp\/v2\/product\/4991"}],"collection":[{"href":"https:\/\/old.b2com.africa\/index.php\/wp-json\/wp\/v2\/product"}],"about":[{"href":"https:\/\/old.b2com.africa\/index.php\/wp-json\/wp\/v2\/types\/product"}],"author":[{"embeddable":true,"href":"https:\/\/old.b2com.africa\/index.php\/wp-json\/wp\/v2\/users\/5"}],"replies":[{"embeddable":true,"href":"https:\/\/old.b2com.africa\/index.php\/wp-json\/wp\/v2\/comments?post=4991"}],"version-history":[{"count":1,"href":"https:\/\/old.b2com.africa\/index.php\/wp-json\/wp\/v2\/product\/4991\/revisions"}],"predecessor-version":[{"id":4996,"href":"https:\/\/old.b2com.africa\/index.php\/wp-json\/wp\/v2\/product\/4991\/revisions\/4996"}],"wp:featuredmedia":[{"embeddable":true,"href":"https:\/\/old.b2com.africa\/index.php\/wp-json\/wp\/v2\/media\/5004"}],"wp:attachment":[{"href":"https:\/\/old.b2com.africa\/index.php\/wp-json\/wp\/v2\/media?parent=4991"}],"wp:term":[{"taxonomy":"product_cat","embeddable":true,"href":"https:\/\/old.b2com.africa\/index.php\/wp-json\/wp\/v2\/product_cat?post=4991"},{"taxonomy":"product_tag","embeddable":true,"href":"https:\/\/old.b2com.africa\/index.php\/wp-json\/wp\/v2\/product_tag?post=4991"}],"curies":[{"name":"wp","href":"https:\/\/api.w.org\/{rel}","templated":true}]}}