{"id":4957,"date":"2023-07-27T00:45:13","date_gmt":"2023-07-26T22:45:13","guid":{"rendered":"https:\/\/old.b2com.africa\/?post_type=product&#038;p=4957"},"modified":"2023-07-27T00:53:32","modified_gmt":"2023-07-26T22:53:32","slug":"roll-up-xl","status":"publish","type":"product","link":"https:\/\/old.b2com.africa\/index.php\/product\/roll-up-xl\/","title":{"rendered":"Roll up ECO XXL"},"content":{"rendered":"<p>Optez pour un roll-up aux dimensions XL !<\/p>\n<p>Cette PLV grand format peut culminer \u00e0 une hauteur de 3 m\u00e8tres. Il sera parfait pour \u00eatre vu de tr\u00e8s loin et pour surplomber toute la concurrence.<\/p>\n<p>Marquez les esprits avec une communication marketing qui sort des sentiers battus \u00e0 l&#8217;occasion de vos salons professionnels, foires, expositions, congr\u00e8s et autres s\u00e9minaires.<\/p>\n<p>Enfin, il se monte \/ d\u00e9monte rapidement et dispose d&#8217;un sac de transport en nylon matelass\u00e9 inclus.<\/p>\n","protected":false},"excerpt":{"rendered":"<p>Optez pour un roll-up aux dimensions XL ! Cette PLV grand format peut culminer \u00e0 une hauteur de 3 m\u00e8tres. Il sera parfait pour \u00eatre vu de tr\u00e8s loin et pour surplomber toute la concurrence. Marquez les esprits avec une communication marketing qui sort des sentiers battus \u00e0 l&#8217;occasion de vos salons professionnels, foires, expositions, [&hellip;]<\/p>\n","protected":false},"author":5,"featured_media":4970,"comment_status":"open","ping_status":"closed","template":"","meta":{"content-type":""},"product_cat":[159,67,160],"product_tag":[],"_links":{"self":[{"href":"https:\/\/old.b2com.africa\/index.php\/wp-json\/wp\/v2\/product\/4957"}],"collection":[{"href":"https:\/\/old.b2com.africa\/index.php\/wp-json\/wp\/v2\/product"}],"about":[{"href":"https:\/\/old.b2com.africa\/index.php\/wp-json\/wp\/v2\/types\/product"}],"author":[{"embeddable":true,"href":"https:\/\/old.b2com.africa\/index.php\/wp-json\/wp\/v2\/users\/5"}],"replies":[{"embeddable":true,"href":"https:\/\/old.b2com.africa\/index.php\/wp-json\/wp\/v2\/comments?post=4957"}],"version-history":[{"count":3,"href":"https:\/\/old.b2com.africa\/index.php\/wp-json\/wp\/v2\/product\/4957\/revisions"}],"predecessor-version":[{"id":4976,"href":"https:\/\/old.b2com.africa\/index.php\/wp-json\/wp\/v2\/product\/4957\/revisions\/4976"}],"wp:featuredmedia":[{"embeddable":true,"href":"https:\/\/old.b2com.africa\/index.php\/wp-json\/wp\/v2\/media\/4970"}],"wp:attachment":[{"href":"https:\/\/old.b2com.africa\/index.php\/wp-json\/wp\/v2\/media?parent=4957"}],"wp:term":[{"taxonomy":"product_cat","embeddable":true,"href":"https:\/\/old.b2com.africa\/index.php\/wp-json\/wp\/v2\/product_cat?post=4957"},{"taxonomy":"product_tag","embeddable":true,"href":"https:\/\/old.b2com.africa\/index.php\/wp-json\/wp\/v2\/product_tag?post=4957"}],"curies":[{"name":"wp","href":"https:\/\/api.w.org\/{rel}","templated":true}]}}